{"id":10032,"date":"2021-02-11T11:35:37","date_gmt":"2021-02-11T16:35:37","guid":{"rendered":"https:\/\/efryottawa.com\/?page_id=10032"},"modified":"2024-04-25T13:04:24","modified_gmt":"2024-04-25T17:04:24","slug":"careers-volunteering","status":"publish","type":"page","link":"https:\/\/efryottawa.com\/fr\/careers-volunteering\/","title":{"rendered":"Carri\u00e8res et b\u00e9n\u00e9volat"},"content":{"rendered":"<div data-elementor-type=\"wp-page\" data-elementor-id=\"10032\" class=\"elementor elementor-10032\">\n\t\t\t\t\t\t<section class=\"elementor-section elementor-top-section elementor-element elementor-element-9adb0fb elementor-section-boxed elementor-section-height-default elementor-section-height-default\" data-id=\"9adb0fb\" data-element_type=\"section\" data-e-type=\"section\" data-settings=\"{&quot;scisco_shape_divider_top&quot;:&quot;none&quot;,&quot;scisco_shape_divider_bottom&quot;:&quot;none&quot;}\">\n\t\t\t\t\t\t<div class=\"elementor-container elementor-column-gap-default\">\n\t\t\t\t\t<div class=\"elementor-column elementor-col-33 elementor-top-column elementor-element elementor-element-3556b97\" data-id=\"3556b97\" data-element_type=\"column\" data-e-type=\"column\">\n\t\t\t<div class=\"elementor-widget-wrap elementor-element-populated\">\n\t\t\t\t\t\t<div class=\"elementor-element elementor-element-2fc5df0 elementor-widget elementor-widget-scisco-flip_box\" data-id=\"2fc5df0\" data-element_type=\"widget\" data-e-type=\"widget\" data-widget_type=\"scisco-flip_box.default\">\n\t\t\t\t<div class=\"elementor-widget-container\">\n\t\t\t\t\t\t\t<div class=\"scisco-flip-card-outer\" style=\"display:flex;\">\n\t\t\t<div class=\"scisco-flip-card-wrapper flip-right\">\n\t\t\t\t<div class=\"scisco-flip-card-inner\" style=\"transition-timing-function: linear;\">\n\t\t\t\t\t<div class=\"front\">\n\t\t\t\t\t\t<div class=\"scisco-flip-card-overlay\"><\/div>\n\t\t\t\t\t\t<div class=\"scisco-flip-card-front-icon\">\n\t\t\t\t\t\t\t\t\t\t\t\t\t<\/div>\n\t\t\t\t\t\t\t\t\t\t\t<\/div>\n\t\t\t\t\t<div class=\"back\">\n\t\t\t\t\t\t<div class=\"scisco-flip-card-overlay\"><\/div>\n\t\t\t\t\t\t<div class=\"scisco-flip-card-back-icon\">\n\t\t\t\t\t\t\t\t\t\t\t\t\t<\/div>\n\t\t\t\t\t\t<h5 class=\"scisco-flip-card-back-title\">Carri\u00e8res <\/h5><div class=\"scisco-flip-card-back-content\">Nous offrons un large \u00e9ventail de possibilit\u00e9s d'emploi sur notre lieu de travail f\u00e9ministe et syndiqu\u00e9. <\/div>\t\t\t\t\t\t<div class=\"scisco-btn-wrapper\">\n\t\t\t\t\t\t\t<a class=\"scisco-btn-md\" href=\"https:\/\/efryottawa.com\/fr\/careers-volunteering\/careers\/\"  target=\"_blank\"  rel=\"nofollow\">\n\t\t\t\t\t\t\t\tEn savoir plus\t\t\t\t\t\t\t<\/a>\n\t\t\t\t\t\t<\/div>\n\t\t\t\t\t\t\t\t\t\t\t<\/div>\n\t\t\t\t<\/div>\n\t\t\t<\/div>\n\t\t<\/div>\n\n\n\t\t\t\t\t\t<\/div>\n\t\t\t\t<\/div>\n\t\t\t\t<div class=\"elementor-element elementor-element-f0b547d elementor-view-stacked elementor-shape-circle elementor-widget elementor-widget-icon\" data-id=\"f0b547d\" data-element_type=\"widget\" data-e-type=\"widget\" data-widget_type=\"icon.default\">\n\t\t\t\t<div class=\"elementor-widget-container\">\n\t\t\t\t\t\t\t<div class=\"elementor-icon-wrapper\">\n\t\t\t<div class=\"elementor-icon\">\n\t\t\t<i aria-hidden=\"true\" class=\"fas fa-star\"><\/i>\t\t\t<\/div>\n\t\t<\/div>\n\t\t\t\t\t\t<\/div>\n\t\t\t\t<\/div>\n\t\t\t\t<div class=\"elementor-element elementor-element-6aee596 elementor-widget elementor-widget-heading\" data-id=\"6aee596\" data-element_type=\"widget\" data-e-type=\"widget\" data-widget_type=\"heading.default\">\n\t\t\t\t<div class=\"elementor-widget-container\">\n\t\t\t\t\t<h2 class=\"elementor-heading-title elementor-size-default\"><a href=\"https:\/\/efryottawa.com\/fr\/careers-volunteering\/careers\/\">Carri\u00e8res <\/a><\/h2>\t\t\t\t<\/div>\n\t\t\t\t<\/div>\n\t\t\t\t\t<\/div>\n\t\t<\/div>\n\t\t\t\t<div class=\"elementor-column elementor-col-33 elementor-top-column elementor-element elementor-element-ae2d386\" data-id=\"ae2d386\" data-element_type=\"column\" data-e-type=\"column\">\n\t\t\t<div class=\"elementor-widget-wrap elementor-element-populated\">\n\t\t\t\t\t\t<div class=\"elementor-element elementor-element-305073e elementor-widget elementor-widget-scisco-flip_box\" data-id=\"305073e\" data-element_type=\"widget\" data-e-type=\"widget\" data-widget_type=\"scisco-flip_box.default\">\n\t\t\t\t<div class=\"elementor-widget-container\">\n\t\t\t\t\t\t\t<div class=\"scisco-flip-card-outer\" style=\"display:flex;\">\n\t\t\t<div class=\"scisco-flip-card-wrapper flip-right\">\n\t\t\t\t<div class=\"scisco-flip-card-inner\" style=\"transition-timing-function: linear;\">\n\t\t\t\t\t<div class=\"front\">\n\t\t\t\t\t\t<div class=\"scisco-flip-card-overlay\"><\/div>\n\t\t\t\t\t\t<div class=\"scisco-flip-card-front-icon\">\n\t\t\t\t\t\t\t\t\t\t\t\t\t<\/div>\n\t\t\t\t\t\t\t\t\t\t\t<\/div>\n\t\t\t\t\t<div class=\"back\">\n\t\t\t\t\t\t<div class=\"scisco-flip-card-overlay\"><\/div>\n\t\t\t\t\t\t<div class=\"scisco-flip-card-back-icon\">\n\t\t\t\t\t\t\t\t\t\t\t\t\t<\/div>\n\t\t\t\t\t\t<h5 class=\"scisco-flip-card-back-title\">Devenez b\u00e9n\u00e9vole<\/h5><div class=\"scisco-flip-card-back-content\">Nos b\u00e9n\u00e9voles fournissent un soutien vari\u00e9 et efficace \u00e0 nos clients dans le cadre de divers programmes et ensembles. Les b\u00e9n\u00e9voles sont form\u00e9s et habilit\u00e9s en fonction de leur r\u00f4le.<\/div>\t\t\t\t\t\t<div class=\"scisco-btn-wrapper\">\n\t\t\t\t\t\t\t<a class=\"scisco-btn-md\" href=\"https:\/\/efryottawa.com\/fr\/careers-volunteering\/volunteer-with-us\/\"  target=\"_blank\"  rel=\"nofollow\">\n\t\t\t\t\t\t\t\tEn savoir plus\t\t\t\t\t\t\t<\/a>\n\t\t\t\t\t\t<\/div>\n\t\t\t\t\t\t\t\t\t\t\t<\/div>\n\t\t\t\t<\/div>\n\t\t\t<\/div>\n\t\t<\/div>\n\n\n\t\t\t\t\t\t<\/div>\n\t\t\t\t<\/div>\n\t\t\t\t<div class=\"elementor-element elementor-element-32f63d5 elementor-view-stacked elementor-shape-circle elementor-widget elementor-widget-icon\" data-id=\"32f63d5\" data-element_type=\"widget\" data-e-type=\"widget\" data-widget_type=\"icon.default\">\n\t\t\t\t<div class=\"elementor-widget-container\">\n\t\t\t\t\t\t\t<div class=\"elementor-icon-wrapper\">\n\t\t\t<div class=\"elementor-icon\">\n\t\t\t<i aria-hidden=\"true\" class=\"fas fa-star\"><\/i>\t\t\t<\/div>\n\t\t<\/div>\n\t\t\t\t\t\t<\/div>\n\t\t\t\t<\/div>\n\t\t\t\t<div class=\"elementor-element elementor-element-70e4fae elementor-widget elementor-widget-heading\" data-id=\"70e4fae\" data-element_type=\"widget\" data-e-type=\"widget\" data-widget_type=\"heading.default\">\n\t\t\t\t<div class=\"elementor-widget-container\">\n\t\t\t\t\t<h2 class=\"elementor-heading-title elementor-size-default\"><a href=\"https:\/\/efryottawa.com\/fr\/careers-volunteering\/volunteer-with-us\/\">Devenez b\u00e9n\u00e9vole<\/a><\/h2>\t\t\t\t<\/div>\n\t\t\t\t<\/div>\n\t\t\t\t\t<\/div>\n\t\t<\/div>\n\t\t\t\t<div class=\"elementor-column elementor-col-33 elementor-top-column elementor-element elementor-element-d3aa9f2\" data-id=\"d3aa9f2\" data-element_type=\"column\" data-e-type=\"column\">\n\t\t\t<div class=\"elementor-widget-wrap elementor-element-populated\">\n\t\t\t\t\t\t<div class=\"elementor-element elementor-element-bb9a3e3 elementor-widget elementor-widget-scisco-flip_box\" data-id=\"bb9a3e3\" data-element_type=\"widget\" data-e-type=\"widget\" data-widget_type=\"scisco-flip_box.default\">\n\t\t\t\t<div class=\"elementor-widget-container\">\n\t\t\t\t\t\t\t<div class=\"scisco-flip-card-outer\" style=\"display:flex;\">\n\t\t\t<div class=\"scisco-flip-card-wrapper flip-right\">\n\t\t\t\t<div class=\"scisco-flip-card-inner\" style=\"transition-timing-function: linear;\">\n\t\t\t\t\t<div class=\"front\">\n\t\t\t\t\t\t<div class=\"scisco-flip-card-overlay\"><\/div>\n\t\t\t\t\t\t<div class=\"scisco-flip-card-front-icon\">\n\t\t\t\t\t\t\t\t\t\t\t\t\t<\/div>\n\t\t\t\t\t\t\t\t\t\t\t<\/div>\n\t\t\t\t\t<div class=\"back\">\n\t\t\t\t\t\t<div class=\"scisco-flip-card-overlay\"><\/div>\n\t\t\t\t\t\t<div class=\"scisco-flip-card-back-icon\">\n\t\t\t\t\t\t\t\t\t\t\t\t\t<\/div>\n\t\t\t\t\t\t<h5 class=\"scisco-flip-card-back-title\">Placements d'\u00e9tudiants<\/h5><div class=\"scisco-flip-card-back-content\">Our goal at E Fry Ottawa is to provide students with a valuable, practical, and rewarding practicum experience. <\/div>\t\t\t\t\t\t<div class=\"scisco-btn-wrapper\">\n\t\t\t\t\t\t\t<a class=\"scisco-btn-md\" href=\"https:\/\/efryottawa.com\/fr\/careers-volunteering\/student-placements\/\"  target=\"_blank\"  rel=\"nofollow\">\n\t\t\t\t\t\t\t\tEn savoir plus\t\t\t\t\t\t\t<\/a>\n\t\t\t\t\t\t<\/div>\n\t\t\t\t\t\t\t\t\t\t\t<\/div>\n\t\t\t\t<\/div>\n\t\t\t<\/div>\n\t\t<\/div>\n\n\n\t\t\t\t\t\t<\/div>\n\t\t\t\t<\/div>\n\t\t\t\t<div class=\"elementor-element elementor-element-608d681 elementor-view-stacked elementor-shape-circle elementor-widget elementor-widget-icon\" data-id=\"608d681\" data-element_type=\"widget\" data-e-type=\"widget\" data-widget_type=\"icon.default\">\n\t\t\t\t<div class=\"elementor-widget-container\">\n\t\t\t\t\t\t\t<div class=\"elementor-icon-wrapper\">\n\t\t\t<div class=\"elementor-icon\">\n\t\t\t<i aria-hidden=\"true\" class=\"fas fa-star\"><\/i>\t\t\t<\/div>\n\t\t<\/div>\n\t\t\t\t\t\t<\/div>\n\t\t\t\t<\/div>\n\t\t\t\t<div class=\"elementor-element elementor-element-464a8d3 elementor-widget elementor-widget-heading\" data-id=\"464a8d3\" data-element_type=\"widget\" data-e-type=\"widget\" data-widget_type=\"heading.default\">\n\t\t\t\t<div class=\"elementor-widget-container\">\n\t\t\t\t\t<h2 class=\"elementor-heading-title elementor-size-default\"><a href=\"https:\/\/efryottawa.com\/fr\/careers-volunteering\/student-placements\/\">Placements d'\u00e9tudiants<\/a><\/h2>\t\t\t\t<\/div>\n\t\t\t\t<\/div>\n\t\t\t\t\t<\/div>\n\t\t<\/div>\n\t\t\t\t\t<\/div>\n\t\t<\/section>\n\t\t\t\t<\/div>","protected":false},"excerpt":{"rendered":"<p>Careers We offer a diverse range of employment opportunities in our feminist and unionized workplace. Learn More Careers Volunteer with Us Our volunteers provide diverse and impactful support to our clients in various programs and settings. Volunteers are trained and cleared as required for specific roles. Learn More Volunteer with Us Student Placements Our goal&#8230;<\/p>","protected":false},"author":2,"featured_media":0,"parent":0,"menu_order":0,"comment_status":"closed","ping_status":"closed","template":"","meta":{"_monsterinsights_skip_tracking":false,"_monsterinsights_sitenote_active":false,"_monsterinsights_sitenote_note":"","_monsterinsights_sitenote_category":0,"footnotes":""},"class_list":["post-10032","page","type-page","status-publish","hentry"],"_links":{"self":[{"href":"https:\/\/efryottawa.com\/fr\/wp-json\/wp\/v2\/pages\/10032","targetHints":{"allow":["GET"]}}],"collection":[{"href":"https:\/\/efryottawa.com\/fr\/wp-json\/wp\/v2\/pages"}],"about":[{"href":"https:\/\/efryottawa.com\/fr\/wp-json\/wp\/v2\/types\/page"}],"author":[{"embeddable":true,"href":"https:\/\/efryottawa.com\/fr\/wp-json\/wp\/v2\/users\/2"}],"replies":[{"embeddable":true,"href":"https:\/\/efryottawa.com\/fr\/wp-json\/wp\/v2\/comments?post=10032"}],"version-history":[{"count":7,"href":"https:\/\/efryottawa.com\/fr\/wp-json\/wp\/v2\/pages\/10032\/revisions"}],"predecessor-version":[{"id":10373,"href":"https:\/\/efryottawa.com\/fr\/wp-json\/wp\/v2\/pages\/10032\/revisions\/10373"}],"wp:attachment":[{"href":"https:\/\/efryottawa.com\/fr\/wp-json\/wp\/v2\/media?parent=10032"}],"curies":[{"name":"wp","href":"https:\/\/api.w.org\/{rel}","templated":true}]}}