{"id":10033,"date":"2021-02-11T11:35:37","date_gmt":"2021-02-11T16:35:37","guid":{"rendered":"https:\/\/efryottawa.com\/?page_id=10033"},"modified":"2025-07-30T13:43:39","modified_gmt":"2025-07-30T17:43:39","slug":"donate","status":"publish","type":"page","link":"https:\/\/efryottawa.com\/fr\/donate\/","title":{"rendered":"Faire un don"},"content":{"rendered":"<div data-elementor-type=\"wp-page\" data-elementor-id=\"10033\" class=\"elementor elementor-10033\">\n\t\t\t\t\t\t<section class=\"elementor-section elementor-top-section elementor-element elementor-element-04ad472 elementor-section-boxed elementor-section-height-default elementor-section-height-default\" data-id=\"04ad472\" data-element_type=\"section\" data-e-type=\"section\" data-settings=\"{&quot;scisco_shape_divider_top&quot;:&quot;none&quot;,&quot;scisco_shape_divider_bottom&quot;:&quot;none&quot;}\">\n\t\t\t\t\t\t<div class=\"elementor-container elementor-column-gap-default\">\n\t\t\t\t\t<div class=\"elementor-column elementor-col-100 elementor-top-column elementor-element elementor-element-08b0d20\" data-id=\"08b0d20\" data-element_type=\"column\" data-e-type=\"column\">\n\t\t\t<div class=\"elementor-widget-wrap elementor-element-populated\">\n\t\t\t\t\t\t<div class=\"elementor-element elementor-element-797e550 elementor-widget elementor-widget-text-editor\" data-id=\"797e550\" data-element_type=\"widget\" data-e-type=\"widget\" data-widget_type=\"text-editor.default\">\n\t\t\t\t<div class=\"elementor-widget-container\">\n\t\t\t\t\t\t\t\t\t<p style=\"caret-color: #000000; color: #000000;\">Nous vous invitons \u00e0 soutenir les femmes et les personnes de diverses identit\u00e9s de genre qui vivent dans notre communaut\u00e9 et qui sont vuln\u00e9rables et marginalis\u00e9es.<\/p>\n<h2>Faire un don en ligne<\/h2>\n<p style=\"caret-color: #000000; color: #000000;\">Faites un don s\u00e9curis\u00e9 en ligne et recevez un re\u00e7u de charit\u00e9.<\/p>\t\t\t\t\t\t\t\t<\/div>\n\t\t\t\t<\/div>\n\t\t\t\t<div class=\"elementor-element elementor-element-14b05d8 elementor-widget elementor-widget-html\" data-id=\"14b05d8\" data-element_type=\"widget\" data-e-type=\"widget\" data-no-translation=\"\" data-widget_type=\"html.default\">\n\t\t\t\t<div class=\"elementor-widget-container\">\n\t\t\t\t\t<style>.elementor-element-14b05d8{display:none !important}<\/style>\t\t\t\t<\/div>\n\t\t\t\t<\/div>\n\t\t\t\t<div class=\"elementor-element elementor-element-810909f elementor-widget elementor-widget-html\" data-id=\"810909f\" data-element_type=\"widget\" data-e-type=\"widget\" data-no-translation=\"\" data-widget_type=\"html.default\">\n\t\t\t\t<div class=\"elementor-widget-container\">\n\t\t\t\t\t<link rel=\"stylesheet\" href=\"https:\/\/cdn.keela.co\/forms\/keela-forms.min.css\" type=\"text\/css\">\n<script async type=\"text\/javascript\" src=\"https:\/\/cdn.keela.co\/forms\/keela-forms.min.js\"><\/script>\n<script async>window.Keela = { id: \"Rse6paqWx9fXPPJb9\" };<\/script>\n\n<div class=\"keela-embed-form\" data-src=\"https:\/\/give-can.keela.co\/embed\/aubqsgGCQMPLpSALy\">\n<div class=\"keela-loading\"><div><\/div><div><\/div><div><\/div><div><\/div><\/div>\n<\/div>\t\t\t\t<\/div>\n\t\t\t\t<\/div>\n\t\t\t\t\t<\/div>\n\t\t<\/div>\n\t\t\t\t\t<\/div>\n\t\t<\/section>\n\t\t\t\t<section class=\"elementor-section elementor-top-section elementor-element elementor-element-41a3b860 elementor-section-boxed elementor-section-height-default elementor-section-height-default\" data-id=\"41a3b860\" data-element_type=\"section\" data-e-type=\"section\" data-settings=\"{&quot;scisco_shape_divider_top&quot;:&quot;none&quot;,&quot;scisco_shape_divider_bottom&quot;:&quot;none&quot;}\">\n\t\t\t\t\t\t<div class=\"elementor-container elementor-column-gap-default\">\n\t\t\t\t\t<div class=\"elementor-column elementor-col-100 elementor-top-column elementor-element elementor-element-7c9bcd75\" data-id=\"7c9bcd75\" data-element_type=\"column\" data-e-type=\"column\">\n\t\t\t<div class=\"elementor-widget-wrap elementor-element-populated\">\n\t\t\t\t\t\t<div class=\"elementor-element elementor-element-7738cb55 elementor-widget__width-initial elementor-widget elementor-widget-text-editor\" data-id=\"7738cb55\" data-element_type=\"widget\" data-e-type=\"widget\" data-widget_type=\"text-editor.default\">\n\t\t\t\t<div class=\"elementor-widget-container\">\n\t\t\t\t\t\t\t\t\t<p><\/p>\n<p><\/p>\n<p><\/p>\n<h2>Faire un don par la poste<\/h2>\n<p>Vous pouvez de plus nous envoyer votre don par la poste. Pour recevoir un re\u00e7u de charit\u00e9, assurez-vous de nous donner votre nom complet et votre adresse postale.<\/p>\n<p><\/p>\n<p><\/p>\n<p>Soci\u00e9t\u00e9 Elizabeth Fry d'Ottawa<br \/>311-211 Bronson Avenue<br \/>Ottawa ON K1R 6H5<\/p>\n<p><\/p>\n<p><\/p>\n<h2 class=\"wp-block-heading\">Dons en nature<\/h2>\n<p><\/p>\n<p><\/p>\n<p>Nos clients ont souvent besoin de v\u00eatements, d'articles m\u00e9nagers, etc. Pour conna\u00eetre nos besoins actuels, veuillez envoyer un courriel \u00e0 <a href=\"mailto:info@efryottawa.com\">info@efryottawa.com<\/a> or call (613) 237-7427.<\/p>\n<p><\/p>\n<p><\/p>\n<h2 class=\"wp-block-heading\">Merci de votre soutien et de votre contribution \u00e0 la communaut\u00e9 !<\/h2>\n<p><\/p>\n<p><\/p>\n<p>Num\u00e9ro d'enregistrement d'organisme de bienfaisance : 107294456 RR0001<\/p>\n<p><\/p>\t\t\t\t\t\t\t\t<\/div>\n\t\t\t\t<\/div>\n\t\t\t\t\t<\/div>\n\t\t<\/div>\n\t\t\t\t\t<\/div>\n\t\t<\/section>\n\t\t\t\t<\/div>","protected":false},"excerpt":{"rendered":"<p>We welcome your support for women and gender-diverse people living in our community who are vulnerable and marginalized. Donate now online Make a secure donation online and receive a charitable receipt. Donate by mail You can also mail a donation directly to us. To receive a charitable receipt, please be sure to give us your&#8230;<\/p>","protected":false},"author":2,"featured_media":0,"parent":0,"menu_order":0,"comment_status":"closed","ping_status":"closed","template":"","meta":{"_monsterinsights_skip_tracking":false,"_monsterinsights_sitenote_active":false,"_monsterinsights_sitenote_note":"","_monsterinsights_sitenote_category":0,"footnotes":""},"class_list":["post-10033","page","type-page","status-publish","hentry"],"_links":{"self":[{"href":"https:\/\/efryottawa.com\/fr\/wp-json\/wp\/v2\/pages\/10033","targetHints":{"allow":["GET"]}}],"collection":[{"href":"https:\/\/efryottawa.com\/fr\/wp-json\/wp\/v2\/pages"}],"about":[{"href":"https:\/\/efryottawa.com\/fr\/wp-json\/wp\/v2\/types\/page"}],"author":[{"embeddable":true,"href":"https:\/\/efryottawa.com\/fr\/wp-json\/wp\/v2\/users\/2"}],"replies":[{"embeddable":true,"href":"https:\/\/efryottawa.com\/fr\/wp-json\/wp\/v2\/comments?post=10033"}],"version-history":[{"count":40,"href":"https:\/\/efryottawa.com\/fr\/wp-json\/wp\/v2\/pages\/10033\/revisions"}],"predecessor-version":[{"id":10864,"href":"https:\/\/efryottawa.com\/fr\/wp-json\/wp\/v2\/pages\/10033\/revisions\/10864"}],"wp:attachment":[{"href":"https:\/\/efryottawa.com\/fr\/wp-json\/wp\/v2\/media?parent=10033"}],"curies":[{"name":"wp","href":"https:\/\/api.w.org\/{rel}","templated":true}]}}