{"id":10236,"date":"2021-03-17T12:23:04","date_gmt":"2021-03-17T16:23:04","guid":{"rendered":"https:\/\/efryottawa.com\/?page_id=10236"},"modified":"2024-04-25T12:48:44","modified_gmt":"2024-04-25T16:48:44","slug":"programs-and-services","status":"publish","type":"page","link":"https:\/\/efryottawa.com\/fr\/programs-and-services\/","title":{"rendered":"Programmes et services"},"content":{"rendered":"<div data-elementor-type=\"wp-page\" data-elementor-id=\"10236\" class=\"elementor elementor-10236\">\n\t\t\t\t\t\t<section class=\"elementor-section elementor-top-section elementor-element elementor-element-f79e313 elementor-section-boxed elementor-section-height-default elementor-section-height-default\" data-id=\"f79e313\" data-element_type=\"section\" data-e-type=\"section\" data-settings=\"{&quot;scisco_shape_divider_top&quot;:&quot;none&quot;,&quot;scisco_shape_divider_bottom&quot;:&quot;none&quot;}\">\n\t\t\t\t\t\t<div class=\"elementor-container elementor-column-gap-default\">\n\t\t\t\t\t<div class=\"elementor-column elementor-col-100 elementor-top-column elementor-element elementor-element-4b67190\" data-id=\"4b67190\" data-element_type=\"column\" data-e-type=\"column\">\n\t\t\t<div class=\"elementor-widget-wrap elementor-element-populated\">\n\t\t\t\t\t\t<div class=\"elementor-element elementor-element-5dc1db8 elementor-widget elementor-widget-text-editor\" data-id=\"5dc1db8\" data-element_type=\"widget\" data-e-type=\"widget\" data-widget_type=\"text-editor.default\">\n\t\t\t\t<div class=\"elementor-widget-container\">\n\t\t\t\t\t\t\t\t\t<p>E Fry Ottawa offre des programmes et des services pratiques et de soutien aux femmes et aux personnes de diverses identit\u00e9s de genre qui ont eu ou qui pourraient avoir des d\u00e9m\u00eal\u00e9s avec le syst\u00e8me de justice p\u00e9nale. La plupart de nos programmes et services apparaissent en auto-r\u00e9f\u00e9rence, tandis que certains n\u00e9cessitent une r\u00e9f\u00e9rence d'un avocat, d'un agent de probation ou de lib\u00e9ration conditionnelle, ou d'un autre organisme de la communaut\u00e9. Nous d\u00e9fendons les int\u00e9r\u00eats de nos clients, nous leur donnons les moyens d'atteindre leurs objectifs et nous les aidons \u00e0 le faire.<\/p>\t\t\t\t\t\t\t\t<\/div>\n\t\t\t\t<\/div>\n\t\t\t\t\t<\/div>\n\t\t<\/div>\n\t\t\t\t\t<\/div>\n\t\t<\/section>\n\t\t\t\t<section class=\"elementor-section elementor-top-section elementor-element elementor-element-2c46814 elementor-section-boxed elementor-section-height-default elementor-section-height-default\" data-id=\"2c46814\" data-element_type=\"section\" data-e-type=\"section\" data-settings=\"{&quot;scisco_shape_divider_top&quot;:&quot;none&quot;,&quot;scisco_shape_divider_bottom&quot;:&quot;none&quot;}\">\n\t\t\t\t\t\t<div class=\"elementor-container elementor-column-gap-default\">\n\t\t\t\t\t<div class=\"elementor-column elementor-col-33 elementor-top-column elementor-element elementor-element-a259098\" data-id=\"a259098\" data-element_type=\"column\" data-e-type=\"column\">\n\t\t\t<div class=\"elementor-widget-wrap elementor-element-populated\">\n\t\t\t\t\t\t<div class=\"elementor-element elementor-element-c466b89 elementor-widget elementor-widget-scisco-flip_box\" data-id=\"c466b89\" data-element_type=\"widget\" data-e-type=\"widget\" data-widget_type=\"scisco-flip_box.default\">\n\t\t\t\t<div class=\"elementor-widget-container\">\n\t\t\t\t\t\t\t<div class=\"scisco-flip-card-outer\" style=\"display:flex;\">\n\t\t\t<div class=\"scisco-flip-card-wrapper flip-right\">\n\t\t\t\t<div class=\"scisco-flip-card-inner\" style=\"transition-timing-function: linear;\">\n\t\t\t\t\t<div class=\"front\">\n\t\t\t\t\t\t<div class=\"scisco-flip-card-overlay\"><\/div>\n\t\t\t\t\t\t<div class=\"scisco-flip-card-front-icon\">\n\t\t\t\t\t\t\t\t\t\t\t\t\t<\/div>\n\t\t\t\t\t\t\t\t\t\t\t<\/div>\n\t\t\t\t\t<div class=\"back\">\n\t\t\t\t\t\t<div class=\"scisco-flip-card-overlay\"><\/div>\n\t\t\t\t\t\t<div class=\"scisco-flip-card-back-icon\">\n\t\t\t\t\t\t\t\t\t\t\t\t\t<\/div>\n\t\t\t\t\t\t<h5 class=\"scisco-flip-card-back-title\">Programmes r\u00e9sidentiels<\/h5><div class=\"scisco-flip-card-back-content\"><a href=\"https:\/\/efryottawa.com\/fr\/programs-and-services\/residential-programs\/#jfn\">J F Norwood House (r\u00e9sidence de transition)<\/a><br><a href=\"https:\/\/efryottawa.com\/fr\/programs-and-services\/residential-programs\/#lotus\">Lotus House (r\u00e9sidence pour les cautionn\u00e9es)<\/a><\/div>\t\t\t\t\t\t<div class=\"scisco-btn-wrapper\">\n\t\t\t\t\t\t\t<a class=\"scisco-btn-md\" href=\"https:\/\/efryottawa.com\/fr\/programs-and-services\/residential-programs\/\"  target=\"_blank\"  rel=\"nofollow\">\n\t\t\t\t\t\t\t\tEn savoir plus\t\t\t\t\t\t\t<\/a>\n\t\t\t\t\t\t<\/div>\n\t\t\t\t\t\t\t\t\t\t\t<\/div>\n\t\t\t\t<\/div>\n\t\t\t<\/div>\n\t\t<\/div>\n\n\n\t\t\t\t\t\t<\/div>\n\t\t\t\t<\/div>\n\t\t\t\t<div class=\"elementor-element elementor-element-8c026df elementor-view-stacked elementor-shape-circle elementor-widget elementor-widget-icon\" data-id=\"8c026df\" data-element_type=\"widget\" data-e-type=\"widget\" data-widget_type=\"icon.default\">\n\t\t\t\t<div class=\"elementor-widget-container\">\n\t\t\t\t\t\t\t<div class=\"elementor-icon-wrapper\">\n\t\t\t<div class=\"elementor-icon\">\n\t\t\t<i aria-hidden=\"true\" class=\"fas fa-star\"><\/i>\t\t\t<\/div>\n\t\t<\/div>\n\t\t\t\t\t\t<\/div>\n\t\t\t\t<\/div>\n\t\t\t\t<div class=\"elementor-element elementor-element-23802e2 elementor-widget elementor-widget-heading\" data-id=\"23802e2\" data-element_type=\"widget\" data-e-type=\"widget\" data-widget_type=\"heading.default\">\n\t\t\t\t<div class=\"elementor-widget-container\">\n\t\t\t\t\t<h2 class=\"elementor-heading-title elementor-size-default\"><a href=\"https:\/\/efryottawa.com\/fr\/programs-and-services\/residential-programs\/\">Programmes r\u00e9sidentiels <\/a><\/h2>\t\t\t\t<\/div>\n\t\t\t\t<\/div>\n\t\t\t\t\t<\/div>\n\t\t<\/div>\n\t\t\t\t<div class=\"elementor-column elementor-col-33 elementor-top-column elementor-element elementor-element-3a80284\" data-id=\"3a80284\" data-element_type=\"column\" data-e-type=\"column\">\n\t\t\t<div class=\"elementor-widget-wrap elementor-element-populated\">\n\t\t\t\t\t\t<div class=\"elementor-element elementor-element-3e486e5 elementor-widget elementor-widget-scisco-flip_box\" data-id=\"3e486e5\" data-element_type=\"widget\" data-e-type=\"widget\" data-widget_type=\"scisco-flip_box.default\">\n\t\t\t\t<div class=\"elementor-widget-container\">\n\t\t\t\t\t\t\t<div class=\"scisco-flip-card-outer\" style=\"display:flex;\">\n\t\t\t<div class=\"scisco-flip-card-wrapper flip-right\">\n\t\t\t\t<div class=\"scisco-flip-card-inner\" style=\"transition-timing-function: linear;\">\n\t\t\t\t\t<div class=\"front\">\n\t\t\t\t\t\t<div class=\"scisco-flip-card-overlay\"><\/div>\n\t\t\t\t\t\t<div class=\"scisco-flip-card-front-icon\">\n\t\t\t\t\t\t\t\t\t\t\t\t\t<\/div>\n\t\t\t\t\t\t\t\t\t\t\t<\/div>\n\t\t\t\t\t<div class=\"back\">\n\t\t\t\t\t\t<div class=\"scisco-flip-card-overlay\"><\/div>\n\t\t\t\t\t\t<div class=\"scisco-flip-card-back-icon\">\n\t\t\t\t\t\t\t\t\t\t\t\t\t<\/div>\n\t\t\t\t\t\t<h5 class=\"scisco-flip-card-back-title\">Conseils aux personnes et programmes en groupe <\/h5><div class=\"scisco-flip-card-back-content\"><a href=\"https:\/\/efryottawa.com\/fr\/programs-and-services\/individual-counselling-and-group-programming\/#adult-programming\">Programmation pour adultes<\/a><br>\n<a href=\"https:\/\/efryottawa.com\/fr\/programs-and-services\/individual-counselling-and-group-programming\/#youth-programming\">Programmes pour les jeunes (12-17 ans)<\/a><\/div>\t\t\t\t\t\t<div class=\"scisco-btn-wrapper\">\n\t\t\t\t\t\t\t<a class=\"scisco-btn-md\" href=\"https:\/\/efryottawa.com\/fr\/programs-and-services\/individual-counselling-and-group-programming\/\"  target=\"_blank\"  rel=\"nofollow\">\n\t\t\t\t\t\t\t\tEn savoir plus\t\t\t\t\t\t\t<\/a>\n\t\t\t\t\t\t<\/div>\n\t\t\t\t\t\t\t\t\t\t\t<\/div>\n\t\t\t\t<\/div>\n\t\t\t<\/div>\n\t\t<\/div>\n\n\n\t\t\t\t\t\t<\/div>\n\t\t\t\t<\/div>\n\t\t\t\t<div class=\"elementor-element elementor-element-9d5c633 elementor-view-stacked elementor-shape-circle elementor-widget elementor-widget-icon\" data-id=\"9d5c633\" data-element_type=\"widget\" data-e-type=\"widget\" data-widget_type=\"icon.default\">\n\t\t\t\t<div class=\"elementor-widget-container\">\n\t\t\t\t\t\t\t<div class=\"elementor-icon-wrapper\">\n\t\t\t<div class=\"elementor-icon\">\n\t\t\t<i aria-hidden=\"true\" class=\"fas fa-star\"><\/i>\t\t\t<\/div>\n\t\t<\/div>\n\t\t\t\t\t\t<\/div>\n\t\t\t\t<\/div>\n\t\t\t\t<div class=\"elementor-element elementor-element-7c026bb elementor-widget elementor-widget-heading\" data-id=\"7c026bb\" data-element_type=\"widget\" data-e-type=\"widget\" data-widget_type=\"heading.default\">\n\t\t\t\t<div class=\"elementor-widget-container\">\n\t\t\t\t\t<h2 class=\"elementor-heading-title elementor-size-default\"><a href=\"https:\/\/efryottawa.com\/fr\/programs-and-services\/individual-counselling-and-group-programming\/\">Conseils aux personnes et programmes en groupe <\/a><\/h2>\t\t\t\t<\/div>\n\t\t\t\t<\/div>\n\t\t\t\t\t<\/div>\n\t\t<\/div>\n\t\t\t\t<div class=\"elementor-column elementor-col-33 elementor-top-column elementor-element elementor-element-9a99052\" data-id=\"9a99052\" data-element_type=\"column\" data-e-type=\"column\">\n\t\t\t<div class=\"elementor-widget-wrap elementor-element-populated\">\n\t\t\t\t\t\t<div class=\"elementor-element elementor-element-029fb0d elementor-widget elementor-widget-scisco-flip_box\" data-id=\"029fb0d\" data-element_type=\"widget\" data-e-type=\"widget\" data-widget_type=\"scisco-flip_box.default\">\n\t\t\t\t<div class=\"elementor-widget-container\">\n\t\t\t\t\t\t\t<div class=\"scisco-flip-card-outer\" style=\"display:flex;\">\n\t\t\t<div class=\"scisco-flip-card-wrapper flip-right\">\n\t\t\t\t<div class=\"scisco-flip-card-inner\" style=\"transition-timing-function: linear;\">\n\t\t\t\t\t<div class=\"front\">\n\t\t\t\t\t\t<div class=\"scisco-flip-card-overlay\"><\/div>\n\t\t\t\t\t\t<div class=\"scisco-flip-card-front-icon\">\n\t\t\t\t\t\t\t\t\t\t\t\t\t<\/div>\n\t\t\t\t\t\t\t\t\t\t\t<\/div>\n\t\t\t\t\t<div class=\"back\">\n\t\t\t\t\t\t<div class=\"scisco-flip-card-overlay\"><\/div>\n\t\t\t\t\t\t<div class=\"scisco-flip-card-back-icon\">\n\t\t\t\t\t\t\t\t\t\t\t\t\t<\/div>\n\t\t\t\t\t\t<h5 class=\"scisco-flip-card-back-title\">Aide \u00e0 l'habitation<\/h5><div class=\"scisco-flip-card-back-content\">Nous aidons nos clients \u00e0 obtenir et \u00e0 conserver une habitation gr\u00e2ce \u00e0 deux programmes distincts.<\/div>\t\t\t\t\t\t<div class=\"scisco-btn-wrapper\">\n\t\t\t\t\t\t\t<a class=\"scisco-btn-md\" href=\"https:\/\/efryottawa.com\/fr\/programs-and-services\/housing-support\/\"  target=\"_blank\"  rel=\"nofollow\">\n\t\t\t\t\t\t\t\tEn savoir plus\t\t\t\t\t\t\t<\/a>\n\t\t\t\t\t\t<\/div>\n\t\t\t\t\t\t\t\t\t\t\t<\/div>\n\t\t\t\t<\/div>\n\t\t\t<\/div>\n\t\t<\/div>\n\n\n\t\t\t\t\t\t<\/div>\n\t\t\t\t<\/div>\n\t\t\t\t<div class=\"elementor-element elementor-element-6cfc99e elementor-view-stacked elementor-shape-circle elementor-widget elementor-widget-icon\" data-id=\"6cfc99e\" data-element_type=\"widget\" data-e-type=\"widget\" data-widget_type=\"icon.default\">\n\t\t\t\t<div class=\"elementor-widget-container\">\n\t\t\t\t\t\t\t<div class=\"elementor-icon-wrapper\">\n\t\t\t<div class=\"elementor-icon\">\n\t\t\t<i aria-hidden=\"true\" class=\"fas fa-star\"><\/i>\t\t\t<\/div>\n\t\t<\/div>\n\t\t\t\t\t\t<\/div>\n\t\t\t\t<\/div>\n\t\t\t\t<div class=\"elementor-element elementor-element-a210419 elementor-widget elementor-widget-heading\" data-id=\"a210419\" data-element_type=\"widget\" data-e-type=\"widget\" data-widget_type=\"heading.default\">\n\t\t\t\t<div class=\"elementor-widget-container\">\n\t\t\t\t\t<h2 class=\"elementor-heading-title elementor-size-default\"><a href=\"https:\/\/efryottawa.com\/fr\/programs-and-services\/housing-support\/\">Aide \u00e0 l'habitation<\/a><\/h2>\t\t\t\t<\/div>\n\t\t\t\t<\/div>\n\t\t\t\t\t<\/div>\n\t\t<\/div>\n\t\t\t\t\t<\/div>\n\t\t<\/section>\n\t\t\t\t<section class=\"elementor-section elementor-top-section elementor-element elementor-element-977c23e elementor-section-boxed elementor-section-height-default elementor-section-height-default\" data-id=\"977c23e\" data-element_type=\"section\" data-e-type=\"section\" data-settings=\"{&quot;scisco_shape_divider_top&quot;:&quot;none&quot;,&quot;scisco_shape_divider_bottom&quot;:&quot;none&quot;}\">\n\t\t\t\t\t\t<div class=\"elementor-container elementor-column-gap-default\">\n\t\t\t\t\t<div class=\"elementor-column elementor-col-25 elementor-top-column elementor-element elementor-element-719cb6a\" data-id=\"719cb6a\" data-element_type=\"column\" data-e-type=\"column\">\n\t\t\t<div class=\"elementor-widget-wrap\">\n\t\t\t\t\t\t\t<\/div>\n\t\t<\/div>\n\t\t\t\t<div class=\"elementor-column elementor-col-25 elementor-top-column elementor-element elementor-element-b308003\" data-id=\"b308003\" data-element_type=\"column\" data-e-type=\"column\">\n\t\t\t<div class=\"elementor-widget-wrap elementor-element-populated\">\n\t\t\t\t\t\t<div class=\"elementor-element elementor-element-ca513dd elementor-widget elementor-widget-scisco-flip_box\" data-id=\"ca513dd\" data-element_type=\"widget\" data-e-type=\"widget\" data-widget_type=\"scisco-flip_box.default\">\n\t\t\t\t<div class=\"elementor-widget-container\">\n\t\t\t\t\t\t\t<div class=\"scisco-flip-card-outer\" style=\"display:flex;\">\n\t\t\t<div class=\"scisco-flip-card-wrapper flip-right\">\n\t\t\t\t<div class=\"scisco-flip-card-inner\" style=\"transition-timing-function: linear;\">\n\t\t\t\t\t<div class=\"front\">\n\t\t\t\t\t\t<div class=\"scisco-flip-card-overlay\"><\/div>\n\t\t\t\t\t\t<div class=\"scisco-flip-card-front-icon\">\n\t\t\t\t\t\t\t\t\t\t\t\t\t<\/div>\n\t\t\t\t\t\t\t\t\t\t\t<\/div>\n\t\t\t\t\t<div class=\"back\">\n\t\t\t\t\t\t<div class=\"scisco-flip-card-overlay\"><\/div>\n\t\t\t\t\t\t<div class=\"scisco-flip-card-back-icon\">\n\t\t\t\t\t\t\t\t\t\t\t\t\t<\/div>\n\t\t\t\t\t\t<h5 class=\"scisco-flip-card-back-title\">Soutien devant les tribunaux et contacts avec la justice<\/h5><div class=\"scisco-flip-card-back-content\"><a href=\"https:\/\/efryottawa.com\/fr\/programs-and-services\/court-support-and-in-reach\/#pre-post-charge-diversion\">D\u00e9tournement avant et apr\u00e8s l\u2019inculpation - Ottawa et L'Orignal<\/a><br> \n<a href=\"https:\/\/efryottawa.com\/fr\/programs-and-services\/court-support-and-in-reach\/#court-support-program\">Programme d'aide judiciaire<\/a><br>\n<a href=\"https:\/\/efryottawa.com\/fr\/programs-and-services\/court-support-and-in-reach\/#in-reach\">Atteindre (Centre de d\u00e9tention d'Ottawa-Carleton)<\/a><\/div>\t\t\t\t\t\t<div class=\"scisco-btn-wrapper\">\n\t\t\t\t\t\t\t<a class=\"scisco-btn-md\" href=\"https:\/\/efryottawa.com\/fr\/programs-and-services\/court-support-and-in-reach\/\"  target=\"_blank\"  rel=\"nofollow\">\n\t\t\t\t\t\t\t\tEn savoir plus\t\t\t\t\t\t\t<\/a>\n\t\t\t\t\t\t<\/div>\n\t\t\t\t\t\t\t\t\t\t\t<\/div>\n\t\t\t\t<\/div>\n\t\t\t<\/div>\n\t\t<\/div>\n\n\n\t\t\t\t\t\t<\/div>\n\t\t\t\t<\/div>\n\t\t\t\t<div class=\"elementor-element elementor-element-64d8203 elementor-view-stacked elementor-shape-circle elementor-widget elementor-widget-icon\" data-id=\"64d8203\" data-element_type=\"widget\" data-e-type=\"widget\" data-widget_type=\"icon.default\">\n\t\t\t\t<div class=\"elementor-widget-container\">\n\t\t\t\t\t\t\t<div class=\"elementor-icon-wrapper\">\n\t\t\t<div class=\"elementor-icon\">\n\t\t\t<i aria-hidden=\"true\" class=\"fas fa-star\"><\/i>\t\t\t<\/div>\n\t\t<\/div>\n\t\t\t\t\t\t<\/div>\n\t\t\t\t<\/div>\n\t\t\t\t<div class=\"elementor-element elementor-element-04d50d5 elementor-widget elementor-widget-heading\" data-id=\"04d50d5\" data-element_type=\"widget\" data-e-type=\"widget\" data-widget_type=\"heading.default\">\n\t\t\t\t<div class=\"elementor-widget-container\">\n\t\t\t\t\t<h2 class=\"elementor-heading-title elementor-size-default\"><a href=\"https:\/\/efryottawa.com\/fr\/programs-and-services\/court-support-and-in-reach\/\">Soutien devant les tribunaux et contacts avec la justice<\/a><\/h2>\t\t\t\t<\/div>\n\t\t\t\t<\/div>\n\t\t\t\t\t<\/div>\n\t\t<\/div>\n\t\t\t\t<div class=\"elementor-column elementor-col-25 elementor-top-column elementor-element elementor-element-5231406\" data-id=\"5231406\" data-element_type=\"column\" data-e-type=\"column\">\n\t\t\t<div class=\"elementor-widget-wrap elementor-element-populated\">\n\t\t\t\t\t\t<div class=\"elementor-element elementor-element-c578812 elementor-widget elementor-widget-scisco-flip_box\" data-id=\"c578812\" data-element_type=\"widget\" data-e-type=\"widget\" data-widget_type=\"scisco-flip_box.default\">\n\t\t\t\t<div class=\"elementor-widget-container\">\n\t\t\t\t\t\t\t<div class=\"scisco-flip-card-outer\" style=\"display:flex;\">\n\t\t\t<div class=\"scisco-flip-card-wrapper flip-right\">\n\t\t\t\t<div class=\"scisco-flip-card-inner\" style=\"transition-timing-function: linear;\">\n\t\t\t\t\t<div class=\"front\">\n\t\t\t\t\t\t<div class=\"scisco-flip-card-overlay\"><\/div>\n\t\t\t\t\t\t<div class=\"scisco-flip-card-front-icon\">\n\t\t\t\t\t\t\t\t\t\t\t\t\t<\/div>\n\t\t\t\t\t\t\t\t\t\t\t<\/div>\n\t\t\t\t\t<div class=\"back\">\n\t\t\t\t\t\t<div class=\"scisco-flip-card-overlay\"><\/div>\n\t\t\t\t\t\t<div class=\"scisco-flip-card-back-icon\">\n\t\t\t\t\t\t\t\t\t\t\t\t\t<\/div>\n\t\t\t\t\t\t<h5 class=\"scisco-flip-card-back-title\">Halte-accueil<\/h5><div class=\"scisco-flip-card-back-content\">Notre programme de Halte-Accueil accueille les femmes et les personnes de diverses identit\u00e9s de genre qui sont affect\u00e9es par la justice.<\/div>\t\t\t\t\t\t<div class=\"scisco-btn-wrapper\">\n\t\t\t\t\t\t\t<a class=\"scisco-btn-md\" href=\"https:\/\/efryottawa.com\/fr\/programs-and-services\/drop-in\/\"  target=\"_blank\"  rel=\"nofollow\">\n\t\t\t\t\t\t\t\tEn savoir plus\t\t\t\t\t\t\t<\/a>\n\t\t\t\t\t\t<\/div>\n\t\t\t\t\t\t\t\t\t\t\t<\/div>\n\t\t\t\t<\/div>\n\t\t\t<\/div>\n\t\t<\/div>\n\n\n\t\t\t\t\t\t<\/div>\n\t\t\t\t<\/div>\n\t\t\t\t<div class=\"elementor-element elementor-element-0b8f553 elementor-view-stacked elementor-shape-circle elementor-widget elementor-widget-icon\" data-id=\"0b8f553\" data-element_type=\"widget\" data-e-type=\"widget\" data-widget_type=\"icon.default\">\n\t\t\t\t<div class=\"elementor-widget-container\">\n\t\t\t\t\t\t\t<div class=\"elementor-icon-wrapper\">\n\t\t\t<div class=\"elementor-icon\">\n\t\t\t<i aria-hidden=\"true\" class=\"fas fa-star\"><\/i>\t\t\t<\/div>\n\t\t<\/div>\n\t\t\t\t\t\t<\/div>\n\t\t\t\t<\/div>\n\t\t\t\t<div class=\"elementor-element elementor-element-906238b elementor-widget elementor-widget-heading\" data-id=\"906238b\" data-element_type=\"widget\" data-e-type=\"widget\" data-widget_type=\"heading.default\">\n\t\t\t\t<div class=\"elementor-widget-container\">\n\t\t\t\t\t<h2 class=\"elementor-heading-title elementor-size-default\"><a href=\"https:\/\/efryottawa.com\/fr\/programs-and-services\/drop-in\/\">Halte-accueil<\/a><\/h2>\t\t\t\t<\/div>\n\t\t\t\t<\/div>\n\t\t\t\t\t<\/div>\n\t\t<\/div>\n\t\t\t\t<div class=\"elementor-column elementor-col-25 elementor-top-column elementor-element elementor-element-93cb68d\" data-id=\"93cb68d\" data-element_type=\"column\" data-e-type=\"column\">\n\t\t\t<div class=\"elementor-widget-wrap\">\n\t\t\t\t\t\t\t<\/div>\n\t\t<\/div>\n\t\t\t\t\t<\/div>\n\t\t<\/section>\n\t\t\t\t<\/div>","protected":false},"excerpt":{"rendered":"<p>E Fry Ottawa offers practical, supportive programs and services for women and gender-diverse people who have been or may become involved in the criminal justice system. Most of our programs and services are open to self-referral, while some require a referral from a lawyer, probation or parole officer, or another community agency. We advocate for&#8230;<\/p>","protected":false},"author":1,"featured_media":0,"parent":0,"menu_order":0,"comment_status":"closed","ping_status":"closed","template":"","meta":{"_monsterinsights_skip_tracking":false,"_monsterinsights_sitenote_active":false,"_monsterinsights_sitenote_note":"","_monsterinsights_sitenote_category":0,"footnotes":""},"class_list":["post-10236","page","type-page","status-publish","hentry"],"_links":{"self":[{"href":"https:\/\/efryottawa.com\/fr\/wp-json\/wp\/v2\/pages\/10236","targetHints":{"allow":["GET"]}}],"collection":[{"href":"https:\/\/efryottawa.com\/fr\/wp-json\/wp\/v2\/pages"}],"about":[{"href":"https:\/\/efryottawa.com\/fr\/wp-json\/wp\/v2\/types\/page"}],"author":[{"embeddable":true,"href":"https:\/\/efryottawa.com\/fr\/wp-json\/wp\/v2\/users\/1"}],"replies":[{"embeddable":true,"href":"https:\/\/efryottawa.com\/fr\/wp-json\/wp\/v2\/comments?post=10236"}],"version-history":[{"count":34,"href":"https:\/\/efryottawa.com\/fr\/wp-json\/wp\/v2\/pages\/10236\/revisions"}],"predecessor-version":[{"id":10360,"href":"https:\/\/efryottawa.com\/fr\/wp-json\/wp\/v2\/pages\/10236\/revisions\/10360"}],"wp:attachment":[{"href":"https:\/\/efryottawa.com\/fr\/wp-json\/wp\/v2\/media?parent=10236"}],"curies":[{"name":"wp","href":"https:\/\/api.w.org\/{rel}","templated":true}]}}