{"id":10238,"date":"2021-03-17T12:24:03","date_gmt":"2021-03-17T16:24:03","guid":{"rendered":"https:\/\/efryottawa.com\/?page_id=10238"},"modified":"2024-05-01T12:33:28","modified_gmt":"2024-05-01T16:33:28","slug":"about-us","status":"publish","type":"page","link":"https:\/\/efryottawa.com\/fr\/about-us\/","title":{"rendered":"\u00c0 propos de nous"},"content":{"rendered":"<p>La Soci\u00e9t\u00e9 Elizabeth Fry d'Ottawa est la seule organisation \u00e0 Ottawa qui fournit une perspective f\u00e9ministe et intersectionnelle sur les femmes criminalis\u00e9es et les personnes de diverses identit\u00e9s de genre. Nous fournissons des services et des soutiens n\u00e9cessaires \u00e0 certains des membres les plus marginalis\u00e9s de notre communaut\u00e9 qui, dans de nombreux dossiers, ne seraient pas desservis ailleurs.<\/p>\n\n\n\n<p>Gr\u00e2ce \u00e0 un \u00e9ventail de programmes, de solutions de rechange et de services r\u00e9sidentiels, E Fry Ottawa aide les femmes et les personnes de diverses identit\u00e9s de genre \u00e0 \u00e9viter la criminalisation et l'incarc\u00e9ration, \u00e0 se stabiliser apr\u00e8s l'incarc\u00e9ration, \u00e0 commencer \u00e0 traiter les traumatismes li\u00e9s \u00e0 leurs exp\u00e9riences dans le syst\u00e8me de justice p\u00e9nale et \u00e0 \u00e9laborer des aptitudes \u00e0 la vie quotidienne et des soutiens structurels (comme l'acc\u00e8s \u00e0 l'habitation et au traitement de la sant\u00e9 mentale) qui peuvent r\u00e9duire la probabilit\u00e9 d'une r\u00e9cidive.<\/p>\n\n\n\n<p>Notre travail de d\u00e9fense d\u2019int\u00e9r\u00eats en faveur de l'abolition des prisons se poursuit. Il s'agit notamment de sensibiliser le public aux conditions qui contribuent \u00e0 la criminalisation - telles que la pauvret\u00e9, la maltraitance, la consommation de substances et les probl\u00e8mes de sant\u00e9 mentale.<\/p>\n\n\n\n<h2 class=\"wp-block-heading\">Notre raison d'\u00eatre<\/h2>\n\n\n\n<p>Pour E Fry Ottawa, adopter l'abolition signifie emp\u00eacher la criminalisation des femmes et des personnes de diverses identit\u00e9s de genre et cr\u00e9er des alternatives humaines \u00e0 l'incarc\u00e9ration telle qu'elle existe aujourd'hui. Nous savons que la criminalisation peut \u00eatre \u00e9vit\u00e9e lorsque des soutiens et des ressources appropri\u00e9s sont disponibles et que les lois sont r\u00e9form\u00e9es pour r\u00e9duire les m\u00e9faits de la criminalisation.<\/p>\n\n\n\n<h2 class=\"wp-block-heading\">Notre vision<\/h2>\n\n\n\n<p>Nous envisageons une communaut\u00e9 inclusive et juste sans prison, dans laquelle toutes les femmes et les personnes de diverses identit\u00e9s de genre vivent dans l'\u00e9galit\u00e9 et la dignit\u00e9.<\/p>\n\n\n\n<h2 class=\"wp-block-heading\">Notre mission<\/h2>\n\n\n\n<p>Nous d\u00e9fendons et soutenons les femmes et les personnes de diverses identit\u00e9s de genre \u00e0 Ottawa qui ont \u00e9t\u00e9 ou pourraient \u00eatre criminalis\u00e9es.<\/p>\n\n\n\n<h2 class=\"wp-block-heading\">Nos valeurs<\/h2>\n\n\n\n<p>En tant qu'organisation f\u00e9ministe, nous accordons de l'importance :<\/p>\n\n\n\n<ul class=\"wp-block-list\">\n<li>Justice de genre et intersectionnalit\u00e9<\/li>\n\n\n\n<li>\u00c9quit\u00e9 et inclusion<\/li>\n\n\n\n<li>Collaboration et alliance inclusive<\/li>\n\n\n\n<li>Cr\u00e9ativit\u00e9 et innovation<\/li>\n\n\n\n<li>Passion et imputabilit\u00e9<\/li>\n<\/ul>\n\n\n\n<p><\/p>","protected":false},"excerpt":{"rendered":"<p>The Elizabeth Fry Society of Ottawa is the only organization in Ottawa providing a feminist, intersectional lens on criminalized women and gender-diverse people. We provide needed services and supports to some of the most marginalized members of our community who, in many cases, would not be served elsewhere. Through an array of programming, diversion alternatives,&#8230;<\/p>","protected":false},"author":1,"featured_media":0,"parent":0,"menu_order":0,"comment_status":"closed","ping_status":"closed","template":"","meta":{"_monsterinsights_skip_tracking":false,"_monsterinsights_sitenote_active":false,"_monsterinsights_sitenote_note":"","_monsterinsights_sitenote_category":0,"footnotes":""},"class_list":["post-10238","page","type-page","status-publish","hentry"],"_links":{"self":[{"href":"https:\/\/efryottawa.com\/fr\/wp-json\/wp\/v2\/pages\/10238","targetHints":{"allow":["GET"]}}],"collection":[{"href":"https:\/\/efryottawa.com\/fr\/wp-json\/wp\/v2\/pages"}],"about":[{"href":"https:\/\/efryottawa.com\/fr\/wp-json\/wp\/v2\/types\/page"}],"author":[{"embeddable":true,"href":"https:\/\/efryottawa.com\/fr\/wp-json\/wp\/v2\/users\/1"}],"replies":[{"embeddable":true,"href":"https:\/\/efryottawa.com\/fr\/wp-json\/wp\/v2\/comments?post=10238"}],"version-history":[{"count":3,"href":"https:\/\/efryottawa.com\/fr\/wp-json\/wp\/v2\/pages\/10238\/revisions"}],"predecessor-version":[{"id":10405,"href":"https:\/\/efryottawa.com\/fr\/wp-json\/wp\/v2\/pages\/10238\/revisions\/10405"}],"wp:attachment":[{"href":"https:\/\/efryottawa.com\/fr\/wp-json\/wp\/v2\/media?parent=10238"}],"curies":[{"name":"wp","href":"https:\/\/api.w.org\/{rel}","templated":true}]}}