{"id":10287,"date":"2024-04-25T11:50:11","date_gmt":"2024-04-25T15:50:11","guid":{"rendered":"https:\/\/efryottawa.com\/?page_id=10287"},"modified":"2025-11-05T12:57:35","modified_gmt":"2025-11-05T17:57:35","slug":"publications","status":"publish","type":"page","link":"https:\/\/efryottawa.com\/fr\/about-us\/publications\/","title":{"rendered":"Publications"},"content":{"rendered":"<h2 class=\"wp-block-heading\">Annual Reports and Financial Statements<\/h2>\n\n\n\n<ul class=\"wp-block-list\">\n<li>2024-2025 <a href=\"https:\/\/efryottawa.com\/wp-content\/uploads\/2025\/11\/E-Fry-Ottawa-Audited-Financial-Statements-2024-2025.pdf\">Audited Financial Statements<\/a><\/li>\n\n\n\n<li>2023-2024 Audited Financial Statements<\/li>\n\n\n\n<li>2022-2023 <a href=\"https:\/\/efryottawa.com\/wp-content\/uploads\/2024\/05\/Annual-Report-2022-2023-FINAL.pdf\">Annual Report<\/a> | <a href=\"https:\/\/efryottawa.com\/wp-content\/uploads\/2025\/11\/E-Fry-Ottawa-Audited-Financial-Statements-March-31-2023.pdf\">Audited Financial Statements<\/a><\/li>\n\n\n\n<li><a href=\"https:\/\/efryottawa.com\/wp-content\/uploads\/2024\/07\/Annual-Report-2021-2022-FINAL.pdf\">2021-2022<\/a><\/li>\n\n\n\n<li><a href=\"https:\/\/efryottawa.com\/wp-content\/uploads\/2024\/04\/Annual-Report-2021-FINAL-oct-18-2021.pdf\" target=\"_blank\" rel=\"noreferrer noopener\">2020-2021<\/a><\/li>\n\n\n\n<li><a href=\"https:\/\/efryottawa.com\/wp-content\/uploads\/2024\/04\/FINAL-E-Fry-Ottawa-Annual-Report-2020-October-15-2020-Final.pdf\" target=\"_blank\" rel=\"noreferrer noopener\">2019-2020<\/a><\/li>\n\n\n\n<li><a href=\"https:\/\/efryottawa.com\/wp-content\/uploads\/2024\/04\/Annual-Report-2018-2019-jaeditOct11.pdf\" target=\"_blank\" rel=\"noreferrer noopener\">2018-2019<\/a><\/li>\n<\/ul>\n\n\n\n<h2 class=\"wp-block-heading\">Autres publications<\/h2>\n\n\n\n<ul class=\"wp-block-list\">\n<li><a href=\"https:\/\/efryottawa.com\/wp-content\/uploads\/2024\/04\/E-FryResearchFindingsFactSheet2011.pdf\" target=\"_blank\" rel=\"noreferrer noopener\">R\u00e9troaction des clients sur les r\u00e9sultats des services de la Soci\u00e9t\u00e9 Elizabeth Fry d'Ottawa<\/a><\/li>\n<\/ul>\n\n\n\n<p><\/p>","protected":false},"excerpt":{"rendered":"<p>Annual Reports and Financial Statements Other Publications<\/p>","protected":false},"author":1,"featured_media":0,"parent":10238,"menu_order":0,"comment_status":"closed","ping_status":"closed","template":"","meta":{"_monsterinsights_skip_tracking":false,"_monsterinsights_sitenote_active":false,"_monsterinsights_sitenote_note":"","_monsterinsights_sitenote_category":0,"footnotes":""},"class_list":["post-10287","page","type-page","status-publish","hentry"],"_links":{"self":[{"href":"https:\/\/efryottawa.com\/fr\/wp-json\/wp\/v2\/pages\/10287","targetHints":{"allow":["GET"]}}],"collection":[{"href":"https:\/\/efryottawa.com\/fr\/wp-json\/wp\/v2\/pages"}],"about":[{"href":"https:\/\/efryottawa.com\/fr\/wp-json\/wp\/v2\/types\/page"}],"author":[{"embeddable":true,"href":"https:\/\/efryottawa.com\/fr\/wp-json\/wp\/v2\/users\/1"}],"replies":[{"embeddable":true,"href":"https:\/\/efryottawa.com\/fr\/wp-json\/wp\/v2\/comments?post=10287"}],"version-history":[{"count":7,"href":"https:\/\/efryottawa.com\/fr\/wp-json\/wp\/v2\/pages\/10287\/revisions"}],"predecessor-version":[{"id":10856,"href":"https:\/\/efryottawa.com\/fr\/wp-json\/wp\/v2\/pages\/10287\/revisions\/10856"}],"up":[{"embeddable":true,"href":"https:\/\/efryottawa.com\/fr\/wp-json\/wp\/v2\/pages\/10238"}],"wp:attachment":[{"href":"https:\/\/efryottawa.com\/fr\/wp-json\/wp\/v2\/media?parent=10287"}],"curies":[{"name":"wp","href":"https:\/\/api.w.org\/{rel}","templated":true}]}}