{"id":10304,"date":"2024-04-25T11:59:23","date_gmt":"2024-04-25T15:59:23","guid":{"rendered":"https:\/\/efryottawa.com\/?page_id=10304"},"modified":"2025-02-18T15:44:06","modified_gmt":"2025-02-18T20:44:06","slug":"board-of-directors","status":"publish","type":"page","link":"https:\/\/efryottawa.com\/fr\/about-us\/board-of-directors\/","title":{"rendered":"Conseil d'administration"},"content":{"rendered":"<p>Notre conseil d'administration est compos\u00e9 de b\u00e9n\u00e9voles qui apportent une expertise et une exp\u00e9rience diverses \u00e0 l'orientation strat\u00e9gique de notre organisation.<\/p>\n\n\n\n<h2 class=\"wp-block-heading\">Eileen Dooley (pr\u00e9sidente du conseil d'administration)<\/h2>\n\n\n\n<p>Collectrice de fonds, communicatrice, porte-parole et conf\u00e9renci\u00e8re accomplie, Eileen a r\u00e9cemment pris sa retraite en tant que PDG de HealthPartners Canada. En tant que leader \u00e9nergique et exp\u00e9riment\u00e9e dans le secteur caritatif, elle contribue par ses aptitudes aux relations avec les parties prenantes et le gouvernement, ses capacit\u00e9s \u00e0 construire un consensus et ses capacit\u00e9s de r\u00e9flexion critique et strat\u00e9gique. Dipl\u00f4m\u00e9e de l'Universit\u00e9 d'Ottawa (communications), Eileen a tenu des postes de leadership sur la Colline du Parlement et \u00e0 Centraide Est de l'Ontario, au R\u00e9seau canadien pour l'alphab\u00e9tisation et l'apprentissage, \u00e0 CUSO et \u00e0 HealthPartners. Elle poss\u00e8de une solide connaissance de la gouvernance des conseils d'administration, tant du point de vue du leadership que du design organisationnel. En tant que d\u00e9fenseure passionn\u00e9e des femmes, elle est ravie de se joindre au conseil d'administration d'Elizabeth Fry Ottawa.<\/p>\n\n\n\n<h2 class=\"wp-block-heading\">Adrienne Fanjoy<\/h2>\n\n\n\n<p>Adrienne est avocate sp\u00e9cialis\u00e9e dans le droit du travail et de l'emploi. Elle est convaincue que le droit peut \u00eatre un outil permettant de cr\u00e9er des communaut\u00e9s plus \u00e9quitables et est ravie de si\u00e9ger au conseil d'administration de la Soci\u00e9t\u00e9 Elizabeth Fry d'Ottawa. Originaire d'Ottawa, Adrienne a obtenu son baccalaur\u00e9at et son dipl\u00f4me de droit \u00e0 l'Universit\u00e9 Queen's. Tout au long de ses \u00e9tudes, Adrienne a \u00e9t\u00e9 une b\u00e9n\u00e9vole active dans la communaut\u00e9 de Kingston o\u00f9 elle a travaill\u00e9 principalement avec des jeunes marginalis\u00e9s. Elle a de plus travaill\u00e9 comme assistante sociale \u00e0 la clinique de droit de la famille de Queen's, o\u00f9 elle fournissait une assistance juridique aux personnes \u00e0 faible revenu. Dans ses temps libres, Adrienne aime lire, passer du temps avec ses amis et sa famille, et se pr\u00e9senter \u00e0 tous les chiens qu'elle rencontre.<\/p>\n\n\n\n<h2 class=\"wp-block-heading\">Alexandria Bonney<\/h2>\n\n\n\n<p>Alexandria est titulaire d\u2019un Juris Doctor de l'Universit\u00e9 d'Ottawa et un baccalaur\u00e9at sp\u00e9cialis\u00e9 en sciences politiques de l'Universit\u00e9 de Winnipeg. Elle est une ardente d\u00e9fenseure de la justice sociale et pr\u00e9voit utiliser son baccalaur\u00e9at en droit pour modifier la soci\u00e9t\u00e9 de fa\u00e7on positive. \u00c0 l'Universit\u00e9 d'Ottawa, Alexandria a codirig\u00e9 le Prison Law Practicum, qui permet \u00e0 des \u00e9tudiants en droit de travailler avec des d\u00e9tenus sur des projets de d\u00e9fense des droits et des syst\u00e8mes. Dans ses temps libres, Alexandria aime jardiner, faire du ski de fond et explorer les cultures du monde en cuisinant.<\/p>\n\n\n\n<h2 class=\"wp-block-heading\">Jennifer Batley<\/h2>\n\n\n\n<p>Pendant plus de 25 ans, elle a dirig\u00e9 des initiatives strat\u00e9giques interfonctionnelles, en occupant des postes de direction et en tant que consultante aupr\u00e8s de certaines des entreprises les plus reconnues au monde pour leur approche ax\u00e9e sur le client. Elle s'est maintenant tourn\u00e9e vers les conseils et la consultation avec les fondateurs en phase de d\u00e9marrage, travaillant avec eux pour g\u00e9rer et mettre \u00e0 l'\u00e9chelle les op\u00e9rations de mani\u00e8re efficace. Elle a si\u00e9g\u00e9 dans des comit\u00e9s ax\u00e9s sur la diversit\u00e9, l'\u00e9quit\u00e9 et l'inclusion (DEI), l'\u00e9quit\u00e9 salariale, la communaut\u00e9, les communications et la collecte de fonds. Jennifer est titulaire d'un baccalaur\u00e9at en commerce de l'Universit\u00e9 Wilfrid Laurier et d'un MBA international de l'Universit\u00e9 de Clemson. M\u00e8re de trois enfants, elle appr\u00e9cie la musique en direct et l'exploration des excellents espaces naturels d'Ottawa pendant ses temps libres.<\/p>\n\n\n\n<h2 class=\"wp-block-heading\">Jennifer Wang<\/h2>\n\n\n\n<p>Jennifer est comptable professionnelle agr\u00e9\u00e9e et titulaire d'un MBA de l'Universit\u00e9 d'Ottawa. Elle a plus de 25 ans d'exp\u00e9rience dans les secteurs priv\u00e9 et public, dans le domaine financier et imputable. Jennifer est passionn\u00e9e par les droits des femmes et des filles. Pendant ses temps libres, elle est susceptible d'explorer les excellents espaces naturels et de passer du temps avec ses amis et sa famille. Elle est enthousiaste \u00e0 l'id\u00e9e de se joindre \u00e0 l'\u00e9quipe du conseil d'administration d'E Fry Ottawa et d'y apporter sa contribution.<\/p>\n\n\n\n<h2 class=\"wp-block-heading\">Kathy Durand<\/h2>\n\n\n\n<p>Kathy est une promotrice du d\u00e9veloppement qui se concentre sur le renforcement des capacit\u00e9s des personnes et des organisations en utilisant une approche inclusive et participative. Facilitatrice des processus et de l'apprentissage, Kathy s'est concentr\u00e9e ces derni\u00e8res ann\u00e9es sur les approches f\u00e9ministes et novatrices et sur le renforcement des capacit\u00e9s organisationnelles. Avec plus de 10 ans d'exp\u00e9rience dans la gestion d'\u00e9quipes et d'organisations virtuelles mondiales, Kathy est une fervente partisane d'une gestion inclusive et ouverte et met l'accent sur la communication en tant qu'\u00e9l\u00e9ment cl\u00e9 de la r\u00e9ussite d'une organisation ou d'un partenariat. Elle a travaill\u00e9 dans plusieurs secteurs, notamment l'\u00e9ducation des filles, l'eau et l'assainissement, la gouvernance locale et l'entrepreneuriat des jeunes, en partenariat avec des ONG et des gouvernements nationaux et locaux dans divers pays. Kathy est actuellement directrice de la strat\u00e9gie et des op\u00e9rations \u00e0 Prevention Collaborative, une op\u00e9ration qui vise \u00e0 pr\u00e9venir la violence \u00e0 l'encontre des femmes et de leurs enfants. Lorsqu'elle n'est pas en train de travailler, Kathy est une lectrice avide et elle est heureuse de partager ou de recevoir des recommandations sur ce qu'elle devrait lire ensuite.<\/p>\n\n\n\n<h2 class=\"wp-block-heading\">Maureen Castella<\/h2>\n\n\n\n<p>Maureen est une professionnelle des ressources humaines qui a plus de 35 ans d'exp\u00e9rience de travail dans les secteurs public et priv\u00e9. Bien que sa formation soit g\u00e9n\u00e9raliste, Maureen est actuellement gestionnaire principale de la r\u00e9mun\u00e9ration globale au Coll\u00e8ge Algonquin. Elle a pour mission de guider une \u00e9quipe solide afin d'assurer une surveillance et des contr\u00f4les ad\u00e9quats relativement aux programmes de r\u00e9mun\u00e9ration, de retraite et d'avantages sociaux du coll\u00e8ge. Maureen est titulaire d'un baccalaur\u00e9at en sociologie de l'universit\u00e9 de Guelph et d'un certificat en leadership ex\u00e9cutif de l'universit\u00e9 Wilfred Laurier. Elle est leader certifi\u00e9e en ressources humaines (CHRL) et tient de plus un certificat en am\u00e9lioration des processus d'affaires de l'Universit\u00e9 d'Ottawa. Une partie essentielle de l'exp\u00e9rience de Maureen comprend son travail sur les initiatives d'inclusion et de diversit\u00e9 pour soutenir l'\u00e9tablissement d'un environnement de travail inclusif pour tous.<\/p>\n\n\n\n<p><\/p>","protected":false},"excerpt":{"rendered":"<p>Our Board of Directors are volunteers who bring diverse expertise and experience to the strategic direction of our organization. Eileen Dooley (Board Chair) An accomplished fundraiser, communicator, spokesperson, and public speaker, Eileen recently retired as the CEO of HealthPartners Canada. As an energetic and seasoned leader in the charitable sector, she brings strong stakeholder and&#8230;<\/p>","protected":false},"author":1,"featured_media":0,"parent":10238,"menu_order":0,"comment_status":"closed","ping_status":"closed","template":"","meta":{"_monsterinsights_skip_tracking":false,"_monsterinsights_sitenote_active":false,"_monsterinsights_sitenote_note":"","_monsterinsights_sitenote_category":0,"footnotes":""},"class_list":["post-10304","page","type-page","status-publish","hentry"],"_links":{"self":[{"href":"https:\/\/efryottawa.com\/fr\/wp-json\/wp\/v2\/pages\/10304","targetHints":{"allow":["GET"]}}],"collection":[{"href":"https:\/\/efryottawa.com\/fr\/wp-json\/wp\/v2\/pages"}],"about":[{"href":"https:\/\/efryottawa.com\/fr\/wp-json\/wp\/v2\/types\/page"}],"author":[{"embeddable":true,"href":"https:\/\/efryottawa.com\/fr\/wp-json\/wp\/v2\/users\/1"}],"replies":[{"embeddable":true,"href":"https:\/\/efryottawa.com\/fr\/wp-json\/wp\/v2\/comments?post=10304"}],"version-history":[{"count":2,"href":"https:\/\/efryottawa.com\/fr\/wp-json\/wp\/v2\/pages\/10304\/revisions"}],"predecessor-version":[{"id":10686,"href":"https:\/\/efryottawa.com\/fr\/wp-json\/wp\/v2\/pages\/10304\/revisions\/10686"}],"up":[{"embeddable":true,"href":"https:\/\/efryottawa.com\/fr\/wp-json\/wp\/v2\/pages\/10238"}],"wp:attachment":[{"href":"https:\/\/efryottawa.com\/fr\/wp-json\/wp\/v2\/media?parent=10304"}],"curies":[{"name":"wp","href":"https:\/\/api.w.org\/{rel}","templated":true}]}}