{"id":10310,"date":"2024-04-25T12:12:51","date_gmt":"2024-04-25T16:12:51","guid":{"rendered":"https:\/\/efryottawa.com\/?page_id=10310"},"modified":"2024-04-25T12:12:52","modified_gmt":"2024-04-25T16:12:52","slug":"our-history","status":"publish","type":"page","link":"https:\/\/efryottawa.com\/fr\/about-us\/our-history\/","title":{"rendered":"Notre histoire"},"content":{"rendered":"<h2 class=\"wp-block-heading\">Elizabeth Fry<\/h2>\n\n\n<div class=\"wp-block-image\">\n<figure class=\"alignright size-medium\"><img loading=\"lazy\" decoding=\"async\" width=\"232\" height=\"300\" src=\"https:\/\/efryottawa.com\/wp-content\/uploads\/2024\/04\/elizabeth-fry-circa-1920-232x300.jpg\" alt=\"\" class=\"wp-image-10311\" srcset=\"https:\/\/efryottawa.com\/wp-content\/uploads\/2024\/04\/elizabeth-fry-circa-1920-232x300.jpg 232w, https:\/\/efryottawa.com\/wp-content\/uploads\/2024\/04\/elizabeth-fry-circa-1920-9x12.jpg 9w, https:\/\/efryottawa.com\/wp-content\/uploads\/2024\/04\/elizabeth-fry-circa-1920.jpg 420w\" sizes=\"auto, (max-width: 232px) 100vw, 232px\" \/><\/figure>\n<\/div>\n\n\n<p>Elizabeth Fry \u00e9tait une quaker britannique qui a travaill\u00e9 \u00e0 l'am\u00e9lioration des conditions de vie des femmes incarc\u00e9r\u00e9es dans les prisons pour pauvres en Angleterre au d\u00e9but des ann\u00e9es 1800. En 1813, Elizabeth Fry a visit\u00e9 le quartier des femmes de la prison de Newgate \u00e0 Londres et a \u00e9t\u00e9 \u00e9tonnamment surprise par les conditions \u00e9pouvantables dans lesquelles les prisonni\u00e8res et leurs enfants \u00e9taient tenus.<\/p>\n\n\n\n<p>La premi\u00e8re innovation d'Elizabeth Fry a \u00e9t\u00e9 la cr\u00e9ation d'une \u00e9cole pour les enfants des prisonni\u00e8res. Avec d'autres, elle a mis en place un syst\u00e8me de classification des prisonni\u00e8res, une tenue de prisonni\u00e8re, une surveillance constante par une matrone et des moniteurs (choisis parmi les prisonniers), une \u00e9ducation religieuse et \u00e9l\u00e9mentaire, et des emplois r\u00e9mun\u00e9r\u00e9s. Cela a entra\u00een\u00e9 une transformation remarquable de la vie quotidienne, de l'apparence ext\u00e9rieure et de la conduite des prisonni\u00e8res.<\/p>\n\n\n\n<p>En avril 1817, la Ladies' Association for the Reformation of the Female Prisoners in Newgate a \u00e9t\u00e9 fond\u00e9e. \u00c9largie en 1821 pour devenir la British Ladies' Society for Promoting the Reformation of Female Prisoners, cette soci\u00e9t\u00e9 est consid\u00e9r\u00e9e comme le premier organisme f\u00e9minin d'envergure nationale en Grande-Bretagne.<\/p>\n\n\n\n<p>Inspir\u00e9es par les efforts d'Elizabeth Fry, cinq b\u00e9n\u00e9voles du University Women's Club d'Ottawa ont commenc\u00e9 \u00e0 consulter les femmes incarc\u00e9r\u00e9es \u00e0 la prison d'Ottawa. Depuis ses d\u00e9buts, la Soci\u00e9t\u00e9 Elizabeth Fry d'Ottawa s'est d\u00e9velopp\u00e9e gr\u00e2ce \u00e0 l'aide continue de subventions gouvernementales, de bailleurs de fonds communautaires et de plus de personnes g\u00e9n\u00e9reuses qui font des dons.<\/p>\n\n\n\n<h2 class=\"wp-block-heading\">Soci\u00e9t\u00e9 Elizabeth Fry d'Ottawa<\/h2>\n\n\n\n<p>Elizabeth Fry a catalys\u00e9 la vision et la mission qu'incarne aujourd'hui E Fry Ottawa. En tant qu'organisation ayant des liens \u00e9troits avec un r\u00e9seau plus large de soci\u00e9t\u00e9s Elizabeth Fry partout au Canada, E Fry Ottawa poursuit cet important h\u00e9ritage.<\/p>\n\n\n\n<p>E Fry Ottawa est un organisme caritatif communautaire qui soutient les femmes et les personnes de diverses identit\u00e9s de genre qui ont \u00e9t\u00e9 ou qui pourraient \u00eatre criminalis\u00e9es. Nous fournissons des programmes depuis 1951.<\/p>\n\n\n\n<p>Les faits saillants de notre croissance et de notre expansion au cours des six derni\u00e8res d\u00e9cennies sont les suivants :<\/p>\n\n\n\n<ul class=\"wp-block-list\">\n<li><strong>La Macphail House<\/strong> est apparue en 1973, fournissant une alternative \u00e0 la prison pour les femmes et un environnement de soutien pour les femmes vivant dans la communaut\u00e9.<\/li>\n\n\n\n<li><strong>Le programme de b\u00e9n\u00e9volat au tribunal<\/strong> a \u00e9t\u00e9 lanc\u00e9 en 1975 et continue de fournir des informations et un soutien \u00e9motionnel aux clients au tribunal.<\/li>\n\n\n\n<li><strong>La Fergusson House<\/strong> est apparue en 1979. Il s'agit d'un centre de ressources communautaires destin\u00e9 aux femmes en attente de jugement, en probation ou b\u00e9n\u00e9ficiant d'une permission de sortie.<\/li>\n\n\n\n<li>Notre <strong>programme d'avocats<\/strong> a \u00e9t\u00e9 lanc\u00e9 en 1981 et comptait 150 personnes \u00e0 la fin de la d\u00e9cennie.<\/li>\n\n\n\n<li>Avec l'adoption de la <em>Loi sur les jeunes<\/em> contrevenants en 1985, Macphail House est apparue comme un \u00e9tablissement de garde ouverte pour les jeunes femmes, tout en conservant son engagement envers les femmes de la communaut\u00e9. Macphail House a ferm\u00e9 ses portes en 1993 en raison des lignes directrices de plus en plus restrictives du gouvernement ontarien de l'\u00e9poque, qui ont eu un impact sur l'autonomie de la soci\u00e9t\u00e9.<\/li>\n<\/ul>\n\n\n\n<p>Depuis les ann\u00e9es 1990, E Fry Ottawa n'a cess\u00e9 de se d\u00e9velopper et d'\u00e9voluer pour r\u00e9pondre aux besoins des femmes criminalis\u00e9es et des personnes de diverses identit\u00e9s de genre. B\u00e9n\u00e9ficiant d'un financement de base de la part de tous les ordres de gouvernement, nous d\u00e9pendons plus des subventions et des dons d'organismes sans but lucratif, d'entreprises et de personnes qui comprennent et soutiennent notre important travail aupr\u00e8s de certaines des personnes les plus marginalis\u00e9es de notre communaut\u00e9.<\/p>","protected":false},"excerpt":{"rendered":"<p>Elizabeth Fry Elizabeth Fry was a British Quaker who worked to improve conditions for women incarcerated in poorhouses in England during the early 1800s. In 1813, Elizabeth Fry visited the women\u2019s section of the Newgate Prison in London and was shocked by the appalling conditions in which the female prisoners and their children were kept&#8230;.<\/p>","protected":false},"author":1,"featured_media":0,"parent":10238,"menu_order":0,"comment_status":"closed","ping_status":"closed","template":"","meta":{"_monsterinsights_skip_tracking":false,"_monsterinsights_sitenote_active":false,"_monsterinsights_sitenote_note":"","_monsterinsights_sitenote_category":0,"footnotes":""},"class_list":["post-10310","page","type-page","status-publish","hentry"],"_links":{"self":[{"href":"https:\/\/efryottawa.com\/fr\/wp-json\/wp\/v2\/pages\/10310","targetHints":{"allow":["GET"]}}],"collection":[{"href":"https:\/\/efryottawa.com\/fr\/wp-json\/wp\/v2\/pages"}],"about":[{"href":"https:\/\/efryottawa.com\/fr\/wp-json\/wp\/v2\/types\/page"}],"author":[{"embeddable":true,"href":"https:\/\/efryottawa.com\/fr\/wp-json\/wp\/v2\/users\/1"}],"replies":[{"embeddable":true,"href":"https:\/\/efryottawa.com\/fr\/wp-json\/wp\/v2\/comments?post=10310"}],"version-history":[{"count":2,"href":"https:\/\/efryottawa.com\/fr\/wp-json\/wp\/v2\/pages\/10310\/revisions"}],"predecessor-version":[{"id":10313,"href":"https:\/\/efryottawa.com\/fr\/wp-json\/wp\/v2\/pages\/10310\/revisions\/10313"}],"up":[{"embeddable":true,"href":"https:\/\/efryottawa.com\/fr\/wp-json\/wp\/v2\/pages\/10238"}],"wp:attachment":[{"href":"https:\/\/efryottawa.com\/fr\/wp-json\/wp\/v2\/media?parent=10310"}],"curies":[{"name":"wp","href":"https:\/\/api.w.org\/{rel}","templated":true}]}}