{"id":10326,"date":"2024-04-25T12:34:26","date_gmt":"2024-04-25T16:34:26","guid":{"rendered":"https:\/\/efryottawa.com\/?page_id=10326"},"modified":"2025-06-04T15:13:05","modified_gmt":"2025-06-04T19:13:05","slug":"housing-support","status":"publish","type":"page","link":"https:\/\/efryottawa.com\/fr\/programs-and-services\/housing-support\/","title":{"rendered":"Aide \u00e0 l'habitation"},"content":{"rendered":"<p>Nous aidons nos clients \u00e0 obtenir et \u00e0 conserver une habitation gr\u00e2ce \u00e0 deux programmes distincts qui soutiennent les femmes et les personnes de diverses identit\u00e9s de genre qui ont eu ou peuvent avoir des d\u00e9m\u00eal\u00e9s avec le syst\u00e8me de justice p\u00e9nale et qui n'ont pas d'habitation stable. Notre travailleur d'aide au logement aide les clients impliqu\u00e9s dans le syst\u00e8me de justice p\u00e9nale \u00e0 trouver et \u00e0 conserver une habitation stable. Notre gestionnaire de dossiers ax\u00e9s sur l'habitation aide les clients ayant de grands besoins et orient\u00e9s par la ville d'Ottawa \u00e0 trouver et \u00e0 conserver un logement.\nPour en savoir plus, veuillez envoyer un courriel \u00e0 info@efryottawa.com ou composez le 613-237-7427.<\/p>\n\n\n\n<p><\/p>","protected":false},"excerpt":{"rendered":"<p>We support clients to secure and maintain housing through two separate programs that support women and gender-diverse people who have been and\/or may become involved in the criminal justice system and are without stable housing. Our Housing Support Workers help clients involved in the system to find and maintain stable housing. Our Housing-Based Case Manager&#8230;<\/p>","protected":false},"author":1,"featured_media":0,"parent":10236,"menu_order":0,"comment_status":"closed","ping_status":"closed","template":"","meta":{"_monsterinsights_skip_tracking":false,"_monsterinsights_sitenote_active":false,"_monsterinsights_sitenote_note":"","_monsterinsights_sitenote_category":0,"footnotes":""},"class_list":["post-10326","page","type-page","status-publish","hentry"],"_links":{"self":[{"href":"https:\/\/efryottawa.com\/fr\/wp-json\/wp\/v2\/pages\/10326","targetHints":{"allow":["GET"]}}],"collection":[{"href":"https:\/\/efryottawa.com\/fr\/wp-json\/wp\/v2\/pages"}],"about":[{"href":"https:\/\/efryottawa.com\/fr\/wp-json\/wp\/v2\/types\/page"}],"author":[{"embeddable":true,"href":"https:\/\/efryottawa.com\/fr\/wp-json\/wp\/v2\/users\/1"}],"replies":[{"embeddable":true,"href":"https:\/\/efryottawa.com\/fr\/wp-json\/wp\/v2\/comments?post=10326"}],"version-history":[{"count":4,"href":"https:\/\/efryottawa.com\/fr\/wp-json\/wp\/v2\/pages\/10326\/revisions"}],"predecessor-version":[{"id":10737,"href":"https:\/\/efryottawa.com\/fr\/wp-json\/wp\/v2\/pages\/10326\/revisions\/10737"}],"up":[{"embeddable":true,"href":"https:\/\/efryottawa.com\/fr\/wp-json\/wp\/v2\/pages\/10236"}],"wp:attachment":[{"href":"https:\/\/efryottawa.com\/fr\/wp-json\/wp\/v2\/media?parent=10326"}],"curies":[{"name":"wp","href":"https:\/\/api.w.org\/{rel}","templated":true}]}}