{"id":10330,"date":"2024-04-25T12:37:22","date_gmt":"2024-04-25T16:37:22","guid":{"rendered":"https:\/\/efryottawa.com\/?page_id=10330"},"modified":"2024-09-12T13:48:51","modified_gmt":"2024-09-12T17:48:51","slug":"drop-in","status":"publish","type":"page","link":"https:\/\/efryottawa.com\/fr\/programs-and-services\/drop-in\/","title":{"rendered":"Halte-accueil"},"content":{"rendered":"<p>Notre programme de halte-accueil accueille les femmes et les personnes de diverses identit\u00e9s de genre qui subissent l'impact de la justice. Nous fournissons aux clients un acc\u00e8s aux besoins de base, notamment des v\u00eatements, des collations, des articles de toilette, des tickets de bus, de la nourriture, ainsi que des r\u00e9f\u00e9rences internes et externes pour un soutien plus important. <\/p>\n\n\n\n<p><strong>Heures d'op\u00e9ration de Drop-In Closet:<\/strong><\/p>\n\n\n\n<p>Les lundis, mercredis et vendredis de 9h00 \u00e0 16h00<\/p>\n\n\n\n<p>Salle 100B <\/p>\n\n\n\n<p>Nous tiendrons bient\u00f4t des discussions et des activit\u00e9s en petits groupes - plus de d\u00e9tails seront fournis d\u00e8s qu'ils seront disponibles.<\/p>","protected":false},"excerpt":{"rendered":"<p>Our Drop-In program welcomes women and gender-diverse people who are justice-impacted. We provide clients access to basic needs, including clothing, snacks, toiletries, bus tickets, food, and internal and external referrals for additional support. Drop-In Closet Hours of Operation: Mondays, Wednesdays, and Fridays from 9:00am to 4:00pm Room 100B Soon, we will be holding small group&#8230;<\/p>","protected":false},"author":1,"featured_media":0,"parent":10236,"menu_order":0,"comment_status":"closed","ping_status":"closed","template":"","meta":{"_monsterinsights_skip_tracking":false,"_monsterinsights_sitenote_active":false,"_monsterinsights_sitenote_note":"","_monsterinsights_sitenote_category":0,"footnotes":""},"class_list":["post-10330","page","type-page","status-publish","hentry"],"_links":{"self":[{"href":"https:\/\/efryottawa.com\/fr\/wp-json\/wp\/v2\/pages\/10330","targetHints":{"allow":["GET"]}}],"collection":[{"href":"https:\/\/efryottawa.com\/fr\/wp-json\/wp\/v2\/pages"}],"about":[{"href":"https:\/\/efryottawa.com\/fr\/wp-json\/wp\/v2\/types\/page"}],"author":[{"embeddable":true,"href":"https:\/\/efryottawa.com\/fr\/wp-json\/wp\/v2\/users\/1"}],"replies":[{"embeddable":true,"href":"https:\/\/efryottawa.com\/fr\/wp-json\/wp\/v2\/comments?post=10330"}],"version-history":[{"count":3,"href":"https:\/\/efryottawa.com\/fr\/wp-json\/wp\/v2\/pages\/10330\/revisions"}],"predecessor-version":[{"id":10538,"href":"https:\/\/efryottawa.com\/fr\/wp-json\/wp\/v2\/pages\/10330\/revisions\/10538"}],"up":[{"embeddable":true,"href":"https:\/\/efryottawa.com\/fr\/wp-json\/wp\/v2\/pages\/10236"}],"wp:attachment":[{"href":"https:\/\/efryottawa.com\/fr\/wp-json\/wp\/v2\/media?parent=10330"}],"curies":[{"name":"wp","href":"https:\/\/api.w.org\/{rel}","templated":true}]}}