{"id":10365,"date":"2024-04-25T13:00:59","date_gmt":"2024-04-25T17:00:59","guid":{"rendered":"https:\/\/efryottawa.com\/?page_id=10365"},"modified":"2026-04-15T08:33:32","modified_gmt":"2026-04-15T12:33:32","slug":"careers","status":"publish","type":"page","link":"https:\/\/efryottawa.com\/fr\/careers-volunteering\/careers\/","title":{"rendered":"Carri\u00e8res"},"content":{"rendered":"<p><a href=\"https:\/\/efryottawa.com\/wp-content\/uploads\/2025\/11\/Residential-Support-Worker-Relief-2025.11.26.pdf\">Travailleur(euse) de soutien r\u00e9sidentiel<\/a> (suppl\u00e9ance)<\/p>\n\n\n\n<p>Offrir du soutien aux r\u00e9sidents, notamment un soutien \u00e9motionnel, une \u00e9coute th\u00e9rapeutique, une intervention en situation de crise, la r\u00e9solution de conflits et des r\u00e9f\u00e9rences vers des ressources. Soutenir le personnel r\u00e9sidentiel permanent en contribuant \u00e0 la gestion de cas pour les r\u00e9sidents. Tenir \u00e0 jour les dossiers et contribuer \u00e0 la s\u00e9curit\u00e9 et \u00e0 l'entretien de la ou des r\u00e9sidences.<\/p>\n\n\n\n<p><\/p>\n\n\n\n<p><\/p>\n\n\n\n<p><\/p>","protected":false},"excerpt":{"rendered":"<p>Residential Support Worker (relief) Provide support to residents, including emotional support, therapeutic listening, crisis intervention, conflict resolution and resource referrals. Support permanent residential staff by contributing to case management support for residents. Maintain records and contribute to safety and maintenance of the residence(s)<\/p>","protected":false},"author":1,"featured_media":0,"parent":10032,"menu_order":0,"comment_status":"closed","ping_status":"closed","template":"","meta":{"_monsterinsights_skip_tracking":false,"_monsterinsights_sitenote_active":false,"_monsterinsights_sitenote_note":"","_monsterinsights_sitenote_category":0,"footnotes":""},"class_list":["post-10365","page","type-page","status-publish","hentry"],"_links":{"self":[{"href":"https:\/\/efryottawa.com\/fr\/wp-json\/wp\/v2\/pages\/10365","targetHints":{"allow":["GET"]}}],"collection":[{"href":"https:\/\/efryottawa.com\/fr\/wp-json\/wp\/v2\/pages"}],"about":[{"href":"https:\/\/efryottawa.com\/fr\/wp-json\/wp\/v2\/types\/page"}],"author":[{"embeddable":true,"href":"https:\/\/efryottawa.com\/fr\/wp-json\/wp\/v2\/users\/1"}],"replies":[{"embeddable":true,"href":"https:\/\/efryottawa.com\/fr\/wp-json\/wp\/v2\/comments?post=10365"}],"version-history":[{"count":79,"href":"https:\/\/efryottawa.com\/fr\/wp-json\/wp\/v2\/pages\/10365\/revisions"}],"predecessor-version":[{"id":10992,"href":"https:\/\/efryottawa.com\/fr\/wp-json\/wp\/v2\/pages\/10365\/revisions\/10992"}],"up":[{"embeddable":true,"href":"https:\/\/efryottawa.com\/fr\/wp-json\/wp\/v2\/pages\/10032"}],"wp:attachment":[{"href":"https:\/\/efryottawa.com\/fr\/wp-json\/wp\/v2\/media?parent=10365"}],"curies":[{"name":"wp","href":"https:\/\/api.w.org\/{rel}","templated":true}]}}