{"id":10367,"date":"2024-04-25T13:01:46","date_gmt":"2024-04-25T17:01:46","guid":{"rendered":"https:\/\/efryottawa.com\/?page_id=10367"},"modified":"2025-06-04T15:08:46","modified_gmt":"2025-06-04T19:08:46","slug":"volunteer-with-us","status":"publish","type":"page","link":"https:\/\/efryottawa.com\/fr\/careers-volunteering\/volunteer-with-us\/","title":{"rendered":"Devenez b\u00e9n\u00e9vole"},"content":{"rendered":"<p>Nos b\u00e9n\u00e9voles fournissent un soutien vari\u00e9 et efficace \u00e0 nos clients dans le cadre de divers programmes et ensembles. Les b\u00e9n\u00e9voles sont form\u00e9s et habilit\u00e9s en fonction de leur r\u00f4le.<\/p>\n\n\n\n<p>Pour en savoir plus, envoyez un courriel \u00e0 <a href=\"mailto:info@efryottawa.com\">volunteer@efryottawa.com<\/a> ou composez le 613-237-7427 ext 158.<\/p>\n\n\n\n<p><\/p>","protected":false},"excerpt":{"rendered":"<p>Our volunteers provide diverse and impactful support to our clients in various programs and settings. Volunteers are trained and cleared as required for specific roles. For more information, please email volunteer@efryottawa.com or call 613-237-7427 ext 158.<\/p>","protected":false},"author":1,"featured_media":0,"parent":10032,"menu_order":0,"comment_status":"closed","ping_status":"closed","template":"","meta":{"_monsterinsights_skip_tracking":false,"_monsterinsights_sitenote_active":false,"_monsterinsights_sitenote_note":"","_monsterinsights_sitenote_category":0,"footnotes":""},"class_list":["post-10367","page","type-page","status-publish","hentry"],"_links":{"self":[{"href":"https:\/\/efryottawa.com\/fr\/wp-json\/wp\/v2\/pages\/10367","targetHints":{"allow":["GET"]}}],"collection":[{"href":"https:\/\/efryottawa.com\/fr\/wp-json\/wp\/v2\/pages"}],"about":[{"href":"https:\/\/efryottawa.com\/fr\/wp-json\/wp\/v2\/types\/page"}],"author":[{"embeddable":true,"href":"https:\/\/efryottawa.com\/fr\/wp-json\/wp\/v2\/users\/1"}],"replies":[{"embeddable":true,"href":"https:\/\/efryottawa.com\/fr\/wp-json\/wp\/v2\/comments?post=10367"}],"version-history":[{"count":4,"href":"https:\/\/efryottawa.com\/fr\/wp-json\/wp\/v2\/pages\/10367\/revisions"}],"predecessor-version":[{"id":10735,"href":"https:\/\/efryottawa.com\/fr\/wp-json\/wp\/v2\/pages\/10367\/revisions\/10735"}],"up":[{"embeddable":true,"href":"https:\/\/efryottawa.com\/fr\/wp-json\/wp\/v2\/pages\/10032"}],"wp:attachment":[{"href":"https:\/\/efryottawa.com\/fr\/wp-json\/wp\/v2\/media?parent=10367"}],"curies":[{"name":"wp","href":"https:\/\/api.w.org\/{rel}","templated":true}]}}