{"id":10369,"date":"2024-04-25T13:02:44","date_gmt":"2024-04-25T17:02:44","guid":{"rendered":"https:\/\/efryottawa.com\/?page_id=10369"},"modified":"2026-04-15T08:34:14","modified_gmt":"2026-04-15T12:34:14","slug":"student-placements","status":"publish","type":"page","link":"https:\/\/efryottawa.com\/fr\/careers-volunteering\/student-placements\/","title":{"rendered":"Placements d'\u00e9tudiants"},"content":{"rendered":"<p>L'objectif d'E Fry Ottawa est de fournir aux \u00e9tudiants une exp\u00e9rience de stage pr\u00e9cieuse, pratique et enrichissante. Nous acceptons des \u00e9tudiants du coll\u00e8ge et de l'universit\u00e9 provenant d'un large \u00e9ventail de programmes et de milieux.<\/p>\n\n\n\n<p>Les \u00e9tudiants doivent g\u00e9n\u00e9ralement faire des stages dans plusieurs domaines, notamment dans nos programmes r\u00e9sidentiels (J F Norwood House et Lotus House), nos programmes communautaires (y compris le Centre Halte-accueil, les programmes en groupe et de conseil) et dans des fonctions administratives et de communication.<\/p>\n\n\n\n<p><strong>Veuillez noter que nous n'acceptons plus de stages \u00e9tudiants pour cette ann\u00e9e. Nous vous invitons \u00e0 nous contacter de nouveau en 2027.<\/strong>.<\/p>","protected":false},"excerpt":{"rendered":"<p>Our goal at E Fry Ottawa is to provide students with a valuable, practical, and rewarding practicum experience. We accept both college and university students from a wide range of programs and backgrounds. Students typically complete placements in several program areas, including in our residential programs (J F Norwood House and Lotus House), our community&#8230;<\/p>","protected":false},"author":1,"featured_media":0,"parent":10032,"menu_order":0,"comment_status":"closed","ping_status":"closed","template":"","meta":{"_monsterinsights_skip_tracking":false,"_monsterinsights_sitenote_active":false,"_monsterinsights_sitenote_note":"","_monsterinsights_sitenote_category":0,"footnotes":""},"class_list":["post-10369","page","type-page","status-publish","hentry"],"_links":{"self":[{"href":"https:\/\/efryottawa.com\/fr\/wp-json\/wp\/v2\/pages\/10369","targetHints":{"allow":["GET"]}}],"collection":[{"href":"https:\/\/efryottawa.com\/fr\/wp-json\/wp\/v2\/pages"}],"about":[{"href":"https:\/\/efryottawa.com\/fr\/wp-json\/wp\/v2\/types\/page"}],"author":[{"embeddable":true,"href":"https:\/\/efryottawa.com\/fr\/wp-json\/wp\/v2\/users\/1"}],"replies":[{"embeddable":true,"href":"https:\/\/efryottawa.com\/fr\/wp-json\/wp\/v2\/comments?post=10369"}],"version-history":[{"count":2,"href":"https:\/\/efryottawa.com\/fr\/wp-json\/wp\/v2\/pages\/10369\/revisions"}],"predecessor-version":[{"id":10993,"href":"https:\/\/efryottawa.com\/fr\/wp-json\/wp\/v2\/pages\/10369\/revisions\/10993"}],"up":[{"embeddable":true,"href":"https:\/\/efryottawa.com\/fr\/wp-json\/wp\/v2\/pages\/10032"}],"wp:attachment":[{"href":"https:\/\/efryottawa.com\/fr\/wp-json\/wp\/v2\/media?parent=10369"}],"curies":[{"name":"wp","href":"https:\/\/api.w.org\/{rel}","templated":true}]}}