{"id":10865,"date":"2025-11-24T15:05:20","date_gmt":"2025-11-24T20:05:20","guid":{"rendered":"https:\/\/efryottawa.com\/?page_id=10865"},"modified":"2025-12-10T12:19:28","modified_gmt":"2025-12-10T17:19:28","slug":"whatittakes","status":"publish","type":"page","link":"https:\/\/efryottawa.com\/fr\/whatittakes\/","title":{"rendered":"Rejoignez #Ceque\u00e7aprend"},"content":{"rendered":"<div data-elementor-type=\"wp-page\" data-elementor-id=\"10865\" class=\"elementor elementor-10865\">\n\t\t\t\t\t\t<section class=\"elementor-section elementor-top-section elementor-element elementor-element-80f8a25 elementor-section-boxed elementor-section-height-default elementor-section-height-default\" data-id=\"80f8a25\" data-element_type=\"section\" data-e-type=\"section\" data-settings=\"{&quot;scisco_shape_divider_top&quot;:&quot;none&quot;,&quot;scisco_shape_divider_bottom&quot;:&quot;none&quot;}\">\n\t\t\t\t\t\t<div class=\"elementor-container elementor-column-gap-default\">\n\t\t\t\t\t<div class=\"elementor-column elementor-col-100 elementor-top-column elementor-element elementor-element-138c6f7\" data-id=\"138c6f7\" data-element_type=\"column\" data-e-type=\"column\">\n\t\t\t<div class=\"elementor-widget-wrap elementor-element-populated\">\n\t\t\t\t\t\t<div class=\"elementor-element elementor-element-f4f54d3 elementor-widget elementor-widget-text-editor\" data-id=\"f4f54d3\" data-element_type=\"widget\" data-e-type=\"widget\" data-widget_type=\"text-editor.default\">\n\t\t\t\t<div class=\"elementor-widget-container\">\n\t\t\t\t\t\t\t\t\t<p class=\"cvGsUA direction-ltr align-center para-style-body\" style=\"text-align: center;\"><span class=\"a_GcMg font-feature-liga-off font-feature-clig-off font-feature-calt-off text-decoration-none text-strikethrough-none\">Tout le monde m\u00e9rite le soutien n\u00e9cessaire pour reconstruire sa vie apr\u00e8s avoir \u00e9t\u00e9 confront\u00e9 au syst\u00e8me judiciaire.<br><\/span><span class=\"a_GcMg font-feature-liga-off font-feature-clig-off font-feature-calt-off text-decoration-none text-strikethrough-none\">Chaque jour, des femmes et des personnes de diverses identit\u00e9s de genre sont entra\u00een\u00e9es dans ce cycle par des obstacles ind\u00e9pendants de leur volont\u00e9 :<br><\/span><strong><span class=\"a_GcMg font-feature-liga-off font-feature-clig-off font-feature-calt-off text-decoration-none text-strikethrough-none\">pauvret\u00e9, toxicomanie, maltraitance pendant l'enfance, violence sexiste et manque d'acc\u00e8s \u00e0 un soutien.<\/span><span class=\"a_GcMg font-feature-liga-off font-feature-clig-off font-feature-calt-off text-decoration-none text-strikethrough-none\">.<br><\/span><\/strong><span class=\"a_GcMg font-feature-liga-off font-feature-clig-off font-feature-calt-off text-decoration-none text-strikethrough-none\">La Soci\u00e9t\u00e9 Elizabeth Fry d\u2019Ottawa s'efforce de remplacer la punition par des possibilit\u00e9s. <\/span><span class=\"a_GcMg font-feature-liga-off font-feature-clig-off font-feature-calt-off text-decoration-none text-strikethrough-none\">punishment<\/span><span class=\"a_GcMg font-feature-liga-off font-feature-clig-off font-feature-calt-off text-decoration-none text-strikethrough-none\"> with <\/span><span class=\"a_GcMg font-feature-liga-off font-feature-clig-off font-feature-calt-off text-decoration-none text-strikethrough-none\">possibility<\/span><span class=\"a_GcMg font-feature-liga-off font-feature-clig-off font-feature-calt-off text-decoration-none text-strikethrough-none\">.<br><\/span><\/p>\n<h4 class=\"cvGsUA direction-ltr align-center para-style-body\" style=\"text-align: center;\"><strong><span class=\"a_GcMg font-feature-liga-off font-feature-clig-off font-feature-calt-off text-decoration-none text-strikethrough-none\">Rejoignez #Ceque\u00e7aprend pour d\u00e9couvrir \u00e0 quoi ressemble un v\u00e9ritable soutien.<\/span><\/strong><\/h4>\t\t\t\t\t\t\t\t<\/div>\n\t\t\t\t<\/div>\n\t\t\t\t\t<\/div>\n\t\t<\/div>\n\t\t\t\t\t<\/div>\n\t\t<\/section>\n\t\t\t\t<section class=\"elementor-section elementor-top-section elementor-element elementor-element-89bb582 elementor-section-boxed elementor-section-height-default elementor-section-height-default\" data-id=\"89bb582\" data-element_type=\"section\" data-e-type=\"section\" data-settings=\"{&quot;scisco_shape_divider_top&quot;:&quot;none&quot;,&quot;scisco_shape_divider_bottom&quot;:&quot;none&quot;}\" data-no-translation=\"\">\n\t\t\t\t\t\t<div class=\"elementor-container elementor-column-gap-default\">\n\t\t\t\t\t<div class=\"elementor-column elementor-col-100 elementor-top-column elementor-element elementor-element-663683b\" data-id=\"663683b\" data-element_type=\"column\" data-e-type=\"column\">\n\t\t\t<div class=\"elementor-widget-wrap elementor-element-populated\">\n\t\t\t\t\t\t<div class=\"elementor-element elementor-element-73e63f3 elementor-widget__width-initial elementor-widget elementor-widget-html\" data-id=\"73e63f3\" data-element_type=\"widget\" data-e-type=\"widget\" data-widget_type=\"html.default\">\n\t\t\t\t<div class=\"elementor-widget-container\">\n\t\t\t\t\t<div class=\"keela-embed-form\" data-src=\"https:\/\/signup-can.keela.co\/embed\/ghgH2cx6upvCeFZnW\">\n\u00a0 \u00a0 <div class=\"keela-loading\"><div><\/div><div><\/div><div><\/div><div><\/div><\/div>\n<\/div>\t\t\t\t<\/div>\n\t\t\t\t<\/div>\n\t\t\t\t<div class=\"elementor-element elementor-element-85b2cb2 elementor-widget elementor-widget-spacer\" data-id=\"85b2cb2\" data-element_type=\"widget\" data-e-type=\"widget\" data-widget_type=\"spacer.default\">\n\t\t\t\t<div class=\"elementor-widget-container\">\n\t\t\t\t\t\t\t<div class=\"elementor-spacer\">\n\t\t\t<div class=\"elementor-spacer-inner\"><\/div>\n\t\t<\/div>\n\t\t\t\t\t\t<\/div>\n\t\t\t\t<\/div>\n\t\t\t\t\t<\/div>\n\t\t<\/div>\n\t\t\t\t\t<\/div>\n\t\t<\/section>\n\t\t\t\t<section class=\"elementor-section elementor-top-section elementor-element elementor-element-f7f2e3b elementor-section-boxed elementor-section-height-default elementor-section-height-default\" data-id=\"f7f2e3b\" data-element_type=\"section\" data-e-type=\"section\" data-settings=\"{&quot;scisco_shape_divider_top&quot;:&quot;none&quot;,&quot;scisco_shape_divider_bottom&quot;:&quot;none&quot;}\">\n\t\t\t\t\t\t<div class=\"elementor-container elementor-column-gap-default\">\n\t\t\t\t\t<div class=\"elementor-column elementor-col-100 elementor-top-column elementor-element elementor-element-77744ab\" data-id=\"77744ab\" data-element_type=\"column\" data-e-type=\"column\">\n\t\t\t<div class=\"elementor-widget-wrap elementor-element-populated\">\n\t\t\t\t\t\t<div class=\"elementor-element elementor-element-0e72cb4 elementor-widget-divider--view-line elementor-widget elementor-widget-divider\" data-id=\"0e72cb4\" data-element_type=\"widget\" data-e-type=\"widget\" data-widget_type=\"divider.default\">\n\t\t\t\t<div class=\"elementor-widget-container\">\n\t\t\t\t\t\t\t<div class=\"elementor-divider\">\n\t\t\t<span class=\"elementor-divider-separator\">\n\t\t\t\t\t\t<\/span>\n\t\t<\/div>\n\t\t\t\t\t\t<\/div>\n\t\t\t\t<\/div>\n\t\t\t\t\t<\/div>\n\t\t<\/div>\n\t\t\t\t\t<\/div>\n\t\t<\/section>\n\t\t\t\t<section class=\"elementor-section elementor-top-section elementor-element elementor-element-ef343fa elementor-section-boxed elementor-section-height-default elementor-section-height-default\" data-id=\"ef343fa\" data-element_type=\"section\" data-e-type=\"section\" data-settings=\"{&quot;scisco_shape_divider_top&quot;:&quot;none&quot;,&quot;scisco_shape_divider_bottom&quot;:&quot;none&quot;}\">\n\t\t\t\t\t\t<div class=\"elementor-container elementor-column-gap-default\">\n\t\t\t\t\t<div class=\"elementor-column elementor-col-100 elementor-top-column elementor-element elementor-element-c7b816a\" data-id=\"c7b816a\" data-element_type=\"column\" data-e-type=\"column\">\n\t\t\t<div class=\"elementor-widget-wrap elementor-element-populated\">\n\t\t\t\t\t\t<div class=\"elementor-element elementor-element-1993c01 elementor-widget elementor-widget-heading\" data-id=\"1993c01\" data-element_type=\"widget\" data-e-type=\"widget\" data-widget_type=\"heading.default\">\n\t\t\t\t<div class=\"elementor-widget-container\">\n\t\t\t\t\t<h2 class=\"elementor-heading-title elementor-size-default\">Visionnez comment votre soutien fait la diff\u00e9rence<\/h2>\t\t\t\t<\/div>\n\t\t\t\t<\/div>\n\t\t\t\t\t<\/div>\n\t\t<\/div>\n\t\t\t\t\t<\/div>\n\t\t<\/section>\n\t\t\t\t<section class=\"elementor-section elementor-top-section elementor-element elementor-element-4c74968 elementor-section-boxed elementor-section-height-default elementor-section-height-default\" data-id=\"4c74968\" data-element_type=\"section\" data-e-type=\"section\" data-settings=\"{&quot;scisco_shape_divider_top&quot;:&quot;none&quot;,&quot;scisco_shape_divider_bottom&quot;:&quot;none&quot;}\">\n\t\t\t\t\t\t<div class=\"elementor-container elementor-column-gap-default\">\n\t\t\t\t\t<div class=\"elementor-column elementor-col-100 elementor-top-column elementor-element elementor-element-977a6a5\" data-id=\"977a6a5\" data-element_type=\"column\" data-e-type=\"column\">\n\t\t\t<div class=\"elementor-widget-wrap elementor-element-populated\">\n\t\t\t\t\t\t<div class=\"elementor-element elementor-element-4cc3008 elementor-widget elementor-widget-image\" data-id=\"4cc3008\" data-element_type=\"widget\" data-e-type=\"widget\" data-widget_type=\"image.default\">\n\t\t\t\t<div class=\"elementor-widget-container\">\n\t\t\t\t\t\t\t\t\t\t\t\t\t\t\t<img loading=\"lazy\" decoding=\"async\" width=\"600\" height=\"200\" src=\"https:\/\/efryottawa.com\/wp-content\/uploads\/2025\/12\/Be-part-of-WhatItTakes-5.png\" class=\"attachment-large size-large wp-image-10941\" alt=\"\" srcset=\"https:\/\/efryottawa.com\/wp-content\/uploads\/2025\/12\/Be-part-of-WhatItTakes-5.png 600w, https:\/\/efryottawa.com\/wp-content\/uploads\/2025\/12\/Be-part-of-WhatItTakes-5-300x100.png 300w, https:\/\/efryottawa.com\/wp-content\/uploads\/2025\/12\/Be-part-of-WhatItTakes-5-18x6.png 18w\" sizes=\"auto, (max-width: 600px) 100vw, 600px\" \/>\t\t\t\t\t\t\t\t\t\t\t\t\t\t\t<\/div>\n\t\t\t\t<\/div>\n\t\t\t\t<div class=\"elementor-element elementor-element-47261b0 elementor-align-center elementor-widget elementor-widget-button\" data-id=\"47261b0\" data-element_type=\"widget\" data-e-type=\"widget\" data-widget_type=\"button.default\">\n\t\t\t\t<div class=\"elementor-widget-container\">\n\t\t\t\t\t\t\t\t\t<div class=\"elementor-button-wrapper\">\n\t\t\t\t\t<a class=\"elementor-button elementor-button-link elementor-size-sm\" href=\"https:\/\/www.instagram.com\/reel\/C6wQkJvJwiz\" target=\"_blank\" rel=\"nofollow\">\n\t\t\t\t\t\t<span class=\"elementor-button-content-wrapper\">\n\t\t\t\t\t\t<span class=\"elementor-button-icon\">\n\t\t\t\t<i aria-hidden=\"true\" class=\"fas fa-play\"><\/i>\t\t\t<\/span>\n\t\t\t\t\t\t\t\t\t<span class=\"elementor-button-text\">Visionnez maintenant<\/span>\n\t\t\t\t\t<\/span>\n\t\t\t\t\t<\/a>\n\t\t\t\t<\/div>\n\t\t\t\t\t\t\t\t<\/div>\n\t\t\t\t<\/div>\n\t\t\t\t\t<\/div>\n\t\t<\/div>\n\t\t\t\t\t<\/div>\n\t\t<\/section>\n\t\t\t\t<\/div>","protected":false},"excerpt":{"rendered":"<p>Everyone deserves the support it takes to rebuild a life after being impacted by the justice system.Every day, women and gender-diverse people are pulled into the cycle by barriers beyond their control\u2014poverty, substance use, childhood abuse, gender-based violence, and lack of access to support.E Fry Ottawa works to replace punishment with possibility. Join #WhatItTakes to&#8230;<\/p>","protected":false},"author":2,"featured_media":10158,"parent":0,"menu_order":0,"comment_status":"closed","ping_status":"closed","template":"","meta":{"_monsterinsights_skip_tracking":false,"_monsterinsights_sitenote_active":false,"_monsterinsights_sitenote_note":"","_monsterinsights_sitenote_category":0,"footnotes":""},"class_list":["post-10865","page","type-page","status-publish","has-post-thumbnail","hentry"],"_links":{"self":[{"href":"https:\/\/efryottawa.com\/fr\/wp-json\/wp\/v2\/pages\/10865","targetHints":{"allow":["GET"]}}],"collection":[{"href":"https:\/\/efryottawa.com\/fr\/wp-json\/wp\/v2\/pages"}],"about":[{"href":"https:\/\/efryottawa.com\/fr\/wp-json\/wp\/v2\/types\/page"}],"author":[{"embeddable":true,"href":"https:\/\/efryottawa.com\/fr\/wp-json\/wp\/v2\/users\/2"}],"replies":[{"embeddable":true,"href":"https:\/\/efryottawa.com\/fr\/wp-json\/wp\/v2\/comments?post=10865"}],"version-history":[{"count":70,"href":"https:\/\/efryottawa.com\/fr\/wp-json\/wp\/v2\/pages\/10865\/revisions"}],"predecessor-version":[{"id":10966,"href":"https:\/\/efryottawa.com\/fr\/wp-json\/wp\/v2\/pages\/10865\/revisions\/10966"}],"wp:featuredmedia":[{"embeddable":true,"href":"https:\/\/efryottawa.com\/fr\/wp-json\/wp\/v2\/media\/10158"}],"wp:attachment":[{"href":"https:\/\/efryottawa.com\/fr\/wp-json\/wp\/v2\/media?parent=10865"}],"curies":[{"name":"wp","href":"https:\/\/api.w.org\/{rel}","templated":true}]}}