{"id":157,"date":"2020-11-19T15:08:51","date_gmt":"2020-11-19T15:08:51","guid":{"rendered":"https:\/\/wordpress-288344-1596643.cloudwaysapps.com\/?page_id=157"},"modified":"2025-01-23T17:40:13","modified_gmt":"2025-01-23T22:40:13","slug":"contact","status":"publish","type":"page","link":"https:\/\/efryottawa.com\/fr\/contact\/","title":{"rendered":"Nous contacter"},"content":{"rendered":"<h2 class=\"wp-block-heading\">Informations g\u00e9n\u00e9rales :<\/h2>\n\n\n\n<p>T\u00e9l\u00e9phone : (613) 237-7427<br>Num\u00e9ro sans frais : 1-800-611-4755<br>T\u00e9l\u00e9c. : (613) 237-8312<\/p>\n\n\n\n<p><a href=\"mailto:info@efryottawa.com\">info@efryottawa.com<\/a><\/p>\n\n\n\n<p>Soci\u00e9t\u00e9 Elizabeth Fry d'Ottawa<br>311-211 Bronson Avenue<br>Ottawa ON K1R 6H5<\/p>\n\n\n\n<h2 class=\"wp-block-heading\">R\u00c9TROACTION, COMPLIMENTS ET PLAINTES DES CLIENTS<\/h2>\n\n\n\n<p><a href=\"https:\/\/efryottawa.com\/wp-content\/uploads\/2025\/06\/Client-Complaint-Process-2021-1_fr.docx\">Processus<\/a><\/p>\n\n\n\n<p><a href=\"https:\/\/efryottawa.com\/wp-content\/uploads\/2025\/06\/Client-Complaint-Form-2021-1_fr.docx\">Formulaire<\/a><\/p>","protected":false},"excerpt":{"rendered":"<p>General information: Phone: (613) 237-7427Toll-Free: 1-800-611-4755Fax: (613) 237-8312 info@efryottawa.com Elizabeth Fry Society of Ottawa311-211 Bronson AvenueOttawa ON K1R 6H5 CLIENT FEEDBACK, COMPLIMENTS &amp; COMPLAINTS Process Form<\/p>","protected":false},"author":1,"featured_media":0,"parent":0,"menu_order":0,"comment_status":"closed","ping_status":"closed","template":"","meta":{"_monsterinsights_skip_tracking":false,"_monsterinsights_sitenote_active":false,"_monsterinsights_sitenote_note":"","_monsterinsights_sitenote_category":0,"footnotes":""},"class_list":["post-157","page","type-page","status-publish","hentry"],"_links":{"self":[{"href":"https:\/\/efryottawa.com\/fr\/wp-json\/wp\/v2\/pages\/157","targetHints":{"allow":["GET"]}}],"collection":[{"href":"https:\/\/efryottawa.com\/fr\/wp-json\/wp\/v2\/pages"}],"about":[{"href":"https:\/\/efryottawa.com\/fr\/wp-json\/wp\/v2\/types\/page"}],"author":[{"embeddable":true,"href":"https:\/\/efryottawa.com\/fr\/wp-json\/wp\/v2\/users\/1"}],"replies":[{"embeddable":true,"href":"https:\/\/efryottawa.com\/fr\/wp-json\/wp\/v2\/comments?post=157"}],"version-history":[{"count":9,"href":"https:\/\/efryottawa.com\/fr\/wp-json\/wp\/v2\/pages\/157\/revisions"}],"predecessor-version":[{"id":10639,"href":"https:\/\/efryottawa.com\/fr\/wp-json\/wp\/v2\/pages\/157\/revisions\/10639"}],"wp:attachment":[{"href":"https:\/\/efryottawa.com\/fr\/wp-json\/wp\/v2\/media?parent=157"}],"curies":[{"name":"wp","href":"https:\/\/api.w.org\/{rel}","templated":true}]}}